{"id":102,"date":"2016-10-25T09:49:17","date_gmt":"2016-10-25T07:49:17","guid":{"rendered":"http:\/\/www.camus67.fr\/site\/?page_id=102"},"modified":"2022-02-26T17:55:34","modified_gmt":"2022-02-26T16:55:34","slug":"liens","status":"publish","type":"page","link":"http:\/\/www.camus67.fr\/site\/liens\/","title":{"rendered":"Dans la presse"},"content":{"rendered":"<h2>Quelques articles parus dans la presse&#8230;<\/h2>\n<p><a href=\"http:\/\/www.camus67.fr\/site\/wp-content\/uploads\/2016\/10\/article-DNA-ERCA-2021.pdf\">Article DNA 2021 \u00a0\u00bb des \u00e9tudiants \u00e0 l&rsquo;\u00e9coute\u00a0\u00bb<\/a><\/p>\n<p><a href=\"http:\/\/www.camus67.fr\/site\/wp-content\/uploads\/2016\/10\/carrefour-alsace-HUS-CAMUS.pdf\">Carrefours d&rsquo;Alsace 2021 \u00ab\u00a0La sant\u00e9 mentales des jeunes<\/a>\u00a0\u00bb<\/p>\n<p><a href=\"http:\/\/www.camus67.fr\/site\/wp-content\/uploads\/2016\/10\/article-presse-CAMUS-2018.pdf\">Article DNA 2018 \u00ab\u00a0Un centre pour le mal \u00eatre des \u00e9tudiants\u00a0\u00bb <\/a><\/p>\n<p>&nbsp;<\/p>\n","protected":false},"excerpt":{"rendered":"<p>Quelques articles parus dans la presse&#8230; Article DNA 2021 \u00a0\u00bb des \u00e9tudiants \u00e0 l&rsquo;\u00e9coute\u00a0\u00bb Carrefours d&rsquo;Alsace 2021 \u00ab\u00a0La sant\u00e9 mentales des jeunes\u00a0\u00bb Article DNA 2018 \u00ab\u00a0Un centre pour le mal \u00eatre des \u00e9tudiants\u00a0\u00bb &nbsp;<\/p>\n","protected":false},"author":1,"featured_media":0,"parent":0,"menu_order":0,"comment_status":"closed","ping_status":"closed","template":"","meta":{"footnotes":""},"class_list":["post-102","page","type-page","status-publish","hentry"],"yoast_head":"<!-- This site is optimized with the Yoast SEO plugin v26.1.1 - https:\/\/yoast.com\/wordpress\/plugins\/seo\/ -->\n<title>Dans la presse - CAMUS 67<\/title>\n<meta name=\"robots\" content=\"index, follow, max-snippet:-1, max-image-preview:large, max-video-preview:-1\" \/>\n<link rel=\"canonical\" href=\"http:\/\/www.camus67.fr\/site\/liens\/\" \/>\n<meta property=\"og:locale\" content=\"fr_FR\" \/>\n<meta property=\"og:type\" content=\"article\" \/>\n<meta property=\"og:title\" content=\"Dans la presse - CAMUS 67\" \/>\n<meta property=\"og:description\" content=\"Quelques articles parus dans la presse&#8230; Article DNA 2021 \u00a0\u00bb des \u00e9tudiants \u00e0 l&rsquo;\u00e9coute\u00a0\u00bb Carrefours d&rsquo;Alsace 2021 \u00ab\u00a0La sant\u00e9 mentales des jeunes\u00a0\u00bb Article DNA 2018 \u00ab\u00a0Un centre pour le mal \u00eatre des \u00e9tudiants\u00a0\u00bb &nbsp;\" \/>\n<meta property=\"og:url\" content=\"http:\/\/www.camus67.fr\/site\/liens\/\" \/>\n<meta property=\"og:site_name\" content=\"CAMUS 67\" \/>\n<meta property=\"article:modified_time\" content=\"2022-02-26T16:55:34+00:00\" \/>\n<meta name=\"twitter:card\" content=\"summary_large_image\" \/>\n<script type=\"application\/ld+json\" class=\"yoast-schema-graph\">{\"@context\":\"https:\/\/schema.org\",\"@graph\":[{\"@type\":\"WebPage\",\"@id\":\"http:\/\/www.camus67.fr\/site\/liens\/\",\"url\":\"http:\/\/www.camus67.fr\/site\/liens\/\",\"name\":\"Dans la presse - CAMUS 67\",\"isPartOf\":{\"@id\":\"http:\/\/www.camus67.fr\/site\/#website\"},\"datePublished\":\"2016-10-25T07:49:17+00:00\",\"dateModified\":\"2022-02-26T16:55:34+00:00\",\"breadcrumb\":{\"@id\":\"http:\/\/www.camus67.fr\/site\/liens\/#breadcrumb\"},\"inLanguage\":\"fr-FR\",\"potentialAction\":[{\"@type\":\"ReadAction\",\"target\":[\"http:\/\/www.camus67.fr\/site\/liens\/\"]}]},{\"@type\":\"BreadcrumbList\",\"@id\":\"http:\/\/www.camus67.fr\/site\/liens\/#breadcrumb\",\"itemListElement\":[{\"@type\":\"ListItem\",\"position\":1,\"name\":\"Accueil\",\"item\":\"http:\/\/www.camus67.fr\/site\/\"},{\"@type\":\"ListItem\",\"position\":2,\"name\":\"Dans la presse\"}]},{\"@type\":\"WebSite\",\"@id\":\"http:\/\/www.camus67.fr\/site\/#website\",\"url\":\"http:\/\/www.camus67.fr\/site\/\",\"name\":\"CAMUS 67\",\"description\":\"Centre d&#039;Accueil M\u00e9dico-psychologique Universitaire de Strasbourg\",\"potentialAction\":[{\"@type\":\"SearchAction\",\"target\":{\"@type\":\"EntryPoint\",\"urlTemplate\":\"http:\/\/www.camus67.fr\/site\/?s={search_term_string}\"},\"query-input\":{\"@type\":\"PropertyValueSpecification\",\"valueRequired\":true,\"valueName\":\"search_term_string\"}}],\"inLanguage\":\"fr-FR\"}]}<\/script>\n<!-- \/ Yoast SEO plugin. -->","yoast_head_json":{"title":"Dans la presse - CAMUS 67","robots":{"index":"index","follow":"follow","max-snippet":"max-snippet:-1","max-image-preview":"max-image-preview:large","max-video-preview":"max-video-preview:-1"},"canonical":"http:\/\/www.camus67.fr\/site\/liens\/","og_locale":"fr_FR","og_type":"article","og_title":"Dans la presse - CAMUS 67","og_description":"Quelques articles parus dans la presse&#8230; Article DNA 2021 \u00a0\u00bb des \u00e9tudiants \u00e0 l&rsquo;\u00e9coute\u00a0\u00bb Carrefours d&rsquo;Alsace 2021 \u00ab\u00a0La sant\u00e9 mentales des jeunes\u00a0\u00bb Article DNA 2018 \u00ab\u00a0Un centre pour le mal \u00eatre des \u00e9tudiants\u00a0\u00bb &nbsp;","og_url":"http:\/\/www.camus67.fr\/site\/liens\/","og_site_name":"CAMUS 67","article_modified_time":"2022-02-26T16:55:34+00:00","twitter_card":"summary_large_image","schema":{"@context":"https:\/\/schema.org","@graph":[{"@type":"WebPage","@id":"http:\/\/www.camus67.fr\/site\/liens\/","url":"http:\/\/www.camus67.fr\/site\/liens\/","name":"Dans la presse - CAMUS 67","isPartOf":{"@id":"http:\/\/www.camus67.fr\/site\/#website"},"datePublished":"2016-10-25T07:49:17+00:00","dateModified":"2022-02-26T16:55:34+00:00","breadcrumb":{"@id":"http:\/\/www.camus67.fr\/site\/liens\/#breadcrumb"},"inLanguage":"fr-FR","potentialAction":[{"@type":"ReadAction","target":["http:\/\/www.camus67.fr\/site\/liens\/"]}]},{"@type":"BreadcrumbList","@id":"http:\/\/www.camus67.fr\/site\/liens\/#breadcrumb","itemListElement":[{"@type":"ListItem","position":1,"name":"Accueil","item":"http:\/\/www.camus67.fr\/site\/"},{"@type":"ListItem","position":2,"name":"Dans la presse"}]},{"@type":"WebSite","@id":"http:\/\/www.camus67.fr\/site\/#website","url":"http:\/\/www.camus67.fr\/site\/","name":"CAMUS 67","description":"Centre d&#039;Accueil M\u00e9dico-psychologique Universitaire de Strasbourg","potentialAction":[{"@type":"SearchAction","target":{"@type":"EntryPoint","urlTemplate":"http:\/\/www.camus67.fr\/site\/?s={search_term_string}"},"query-input":{"@type":"PropertyValueSpecification","valueRequired":true,"valueName":"search_term_string"}}],"inLanguage":"fr-FR"}]}},"_links":{"self":[{"href":"http:\/\/www.camus67.fr\/site\/wp-json\/wp\/v2\/pages\/102","targetHints":{"allow":["GET"]}}],"collection":[{"href":"http:\/\/www.camus67.fr\/site\/wp-json\/wp\/v2\/pages"}],"about":[{"href":"http:\/\/www.camus67.fr\/site\/wp-json\/wp\/v2\/types\/page"}],"author":[{"embeddable":true,"href":"http:\/\/www.camus67.fr\/site\/wp-json\/wp\/v2\/users\/1"}],"replies":[{"embeddable":true,"href":"http:\/\/www.camus67.fr\/site\/wp-json\/wp\/v2\/comments?post=102"}],"version-history":[{"count":9,"href":"http:\/\/www.camus67.fr\/site\/wp-json\/wp\/v2\/pages\/102\/revisions"}],"predecessor-version":[{"id":574,"href":"http:\/\/www.camus67.fr\/site\/wp-json\/wp\/v2\/pages\/102\/revisions\/574"}],"wp:attachment":[{"href":"http:\/\/www.camus67.fr\/site\/wp-json\/wp\/v2\/media?parent=102"}],"curies":[{"name":"wp","href":"https:\/\/api.w.org\/{rel}","templated":true}]}}