{"id":2,"date":"2022-02-16T09:21:41","date_gmt":"2022-02-16T08:21:41","guid":{"rendered":"http:\/\/www.camus67.fr\/site\/?page_id=2"},"modified":"2024-07-01T13:59:40","modified_gmt":"2024-07-01T11:59:40","slug":"page-d-exemple","status":"publish","type":"page","link":"http:\/\/www.camus67.fr\/site\/","title":{"rendered":"Vous faites vos \u00e9tudes \u00e0 Strasbourg et vous avez besoin d&rsquo;un lieu d&rsquo;\u00e9coute?"},"content":{"rendered":"<h3 style=\"text-align: justify;\"><span style=\"color: #000000;\">Difficult\u00e9s d&rsquo;adaptation \u00e0 votre nouvelle vie \u00e9tudiante&#8230;\u00a0\u00a0 Id\u00e9es noires&#8230;\u00a0\u00a0 Stress li\u00e9 aux examens&#8230;\u00a0 Anxi\u00e9t\u00e9&#8230;\u00a0 Sentiment de solitude&#8230;\u00a0 Probl\u00e8mes familiaux ou sentimentaux&#8230;\u00a0 Troubles du comportement alimentaire&#8230;\u00a0\u00a0\u00a0 Isolement&#8230;<br \/>\n<\/span><\/h3>\n<p style=\"text-align: center;\">Vous pouvez rencontrer un.e psychologue, un.e psychiatre, une di\u00e9t\u00e9ticienne ou une assistante sociale.<\/p>\n<p style=\"text-align: center;\"><strong>Les consultations sont individuelles, confidentielles et sans avance de frais. Sur rendez-vous uniquement.<\/strong><\/p>\n<h2 style=\"text-align: center;\"><a href=\"http:\/\/www.camus67.fr\/site\/rdv\/\"><span style=\"color: #4d8fd1;\">Prendre rendez-vous avec un des membres de notre \u00e9quipe !<\/span><\/a><\/h2>\n<p><img loading=\"lazy\" decoding=\"async\" class=\"alignnone size-full wp-image-95\" src=\"http:\/\/www.camus67.fr\/site\/wp-content\/uploads\/2016\/10\/CAMUS-Strasbourg-20163.jpg\" alt=\"camus-strasbourg-20163\" width=\"1061\" height=\"838\" srcset=\"http:\/\/www.camus67.fr\/site\/wp-content\/uploads\/2016\/10\/CAMUS-Strasbourg-20163.jpg 1061w, http:\/\/www.camus67.fr\/site\/wp-content\/uploads\/2016\/10\/CAMUS-Strasbourg-20163-300x237.jpg 300w, http:\/\/www.camus67.fr\/site\/wp-content\/uploads\/2016\/10\/CAMUS-Strasbourg-20163-768x607.jpg 768w, http:\/\/www.camus67.fr\/site\/wp-content\/uploads\/2016\/10\/CAMUS-Strasbourg-20163-1024x809.jpg 1024w\" sizes=\"auto, (max-width: 1061px) 100vw, 1061px\" \/><\/p>\n","protected":false},"excerpt":{"rendered":"<p>Difficult\u00e9s d&rsquo;adaptation \u00e0 votre nouvelle vie \u00e9tudiante&#8230;\u00a0\u00a0 Id\u00e9es noires&#8230;\u00a0\u00a0 Stress li\u00e9 aux examens&#8230;\u00a0 Anxi\u00e9t\u00e9&#8230;\u00a0 Sentiment de solitude&#8230;\u00a0 Probl\u00e8mes familiaux ou sentimentaux&#8230;\u00a0 Troubles du comportement alimentaire&#8230;\u00a0\u00a0\u00a0 Isolement&#8230; Vous pouvez rencontrer un.e psychologue, un.e psychiatre, une di\u00e9t\u00e9ticienne ou une assistante sociale. Les&hellip; <a href=\"http:\/\/www.camus67.fr\/site\/\" class=\"more-link\">Continuer la lecture <span class=\"meta-nav\">&rarr;<\/span><\/a><\/p>\n","protected":false},"author":1,"featured_media":0,"parent":0,"menu_order":0,"comment_status":"closed","ping_status":"closed","template":"","meta":{"footnotes":""},"class_list":["post-2","page","type-page","status-publish","hentry"],"yoast_head":"<!-- This site is optimized with the Yoast SEO plugin v26.1.1 - https:\/\/yoast.com\/wordpress\/plugins\/seo\/ -->\n<title>Vous faites vos \u00e9tudes \u00e0 Strasbourg et vous avez besoin d&#039;un lieu d&#039;\u00e9coute? - CAMUS 67<\/title>\n<meta name=\"robots\" content=\"index, follow, max-snippet:-1, max-image-preview:large, max-video-preview:-1\" \/>\n<link rel=\"canonical\" href=\"http:\/\/www.camus67.fr\/site\/\" \/>\n<meta property=\"og:locale\" content=\"fr_FR\" \/>\n<meta property=\"og:type\" content=\"article\" \/>\n<meta property=\"og:title\" content=\"Vous faites vos \u00e9tudes \u00e0 Strasbourg et vous avez besoin d&#039;un lieu d&#039;\u00e9coute? - CAMUS 67\" \/>\n<meta property=\"og:description\" content=\"Difficult\u00e9s d&rsquo;adaptation \u00e0 votre nouvelle vie \u00e9tudiante&#8230;\u00a0\u00a0 Id\u00e9es noires&#8230;\u00a0\u00a0 Stress li\u00e9 aux examens&#8230;\u00a0 Anxi\u00e9t\u00e9&#8230;\u00a0 Sentiment de solitude&#8230;\u00a0 Probl\u00e8mes familiaux ou sentimentaux&#8230;\u00a0 Troubles du comportement alimentaire&#8230;\u00a0\u00a0\u00a0 Isolement&#8230; Vous pouvez rencontrer un.e psychologue, un.e psychiatre, une di\u00e9t\u00e9ticienne ou une assistante sociale. Les&hellip; Continuer la lecture &rarr;\" \/>\n<meta property=\"og:url\" content=\"http:\/\/www.camus67.fr\/site\/\" \/>\n<meta property=\"og:site_name\" content=\"CAMUS 67\" \/>\n<meta property=\"article:modified_time\" content=\"2024-07-01T11:59:40+00:00\" \/>\n<meta property=\"og:image\" content=\"http:\/\/www.camus67.fr\/site\/wp-content\/uploads\/2016\/10\/CAMUS-Strasbourg-20163.jpg\" \/>\n<meta name=\"twitter:card\" content=\"summary_large_image\" \/>\n<script type=\"application\/ld+json\" class=\"yoast-schema-graph\">{\"@context\":\"https:\/\/schema.org\",\"@graph\":[{\"@type\":\"WebPage\",\"@id\":\"http:\/\/www.camus67.fr\/site\/\",\"url\":\"http:\/\/www.camus67.fr\/site\/\",\"name\":\"Vous faites vos \u00e9tudes \u00e0 Strasbourg et vous avez besoin d'un lieu d'\u00e9coute? - CAMUS 67\",\"isPartOf\":{\"@id\":\"http:\/\/www.camus67.fr\/site\/#website\"},\"primaryImageOfPage\":{\"@id\":\"http:\/\/www.camus67.fr\/site\/#primaryimage\"},\"image\":{\"@id\":\"http:\/\/www.camus67.fr\/site\/#primaryimage\"},\"thumbnailUrl\":\"http:\/\/www.camus67.fr\/site\/wp-content\/uploads\/2016\/10\/CAMUS-Strasbourg-20163.jpg\",\"datePublished\":\"2022-02-16T08:21:41+00:00\",\"dateModified\":\"2024-07-01T11:59:40+00:00\",\"breadcrumb\":{\"@id\":\"http:\/\/www.camus67.fr\/site\/#breadcrumb\"},\"inLanguage\":\"fr-FR\",\"potentialAction\":[{\"@type\":\"ReadAction\",\"target\":[\"http:\/\/www.camus67.fr\/site\/\"]}]},{\"@type\":\"ImageObject\",\"inLanguage\":\"fr-FR\",\"@id\":\"http:\/\/www.camus67.fr\/site\/#primaryimage\",\"url\":\"http:\/\/www.camus67.fr\/site\/wp-content\/uploads\/2016\/10\/CAMUS-Strasbourg-20163.jpg\",\"contentUrl\":\"http:\/\/www.camus67.fr\/site\/wp-content\/uploads\/2016\/10\/CAMUS-Strasbourg-20163.jpg\",\"width\":1061,\"height\":838},{\"@type\":\"BreadcrumbList\",\"@id\":\"http:\/\/www.camus67.fr\/site\/#breadcrumb\",\"itemListElement\":[{\"@type\":\"ListItem\",\"position\":1,\"name\":\"Accueil\",\"item\":\"http:\/\/www.camus67.fr\/site\/\"},{\"@type\":\"ListItem\",\"position\":2,\"name\":\"Vous faites vos \u00e9tudes \u00e0 Strasbourg et vous avez besoin d&rsquo;un lieu d&rsquo;\u00e9coute?\"}]},{\"@type\":\"WebSite\",\"@id\":\"http:\/\/www.camus67.fr\/site\/#website\",\"url\":\"http:\/\/www.camus67.fr\/site\/\",\"name\":\"CAMUS 67\",\"description\":\"Centre d&#039;Accueil M\u00e9dico-psychologique Universitaire de Strasbourg\",\"potentialAction\":[{\"@type\":\"SearchAction\",\"target\":{\"@type\":\"EntryPoint\",\"urlTemplate\":\"http:\/\/www.camus67.fr\/site\/?s={search_term_string}\"},\"query-input\":{\"@type\":\"PropertyValueSpecification\",\"valueRequired\":true,\"valueName\":\"search_term_string\"}}],\"inLanguage\":\"fr-FR\"}]}<\/script>\n<!-- \/ Yoast SEO plugin. -->","yoast_head_json":{"title":"Vous faites vos \u00e9tudes \u00e0 Strasbourg et vous avez besoin d'un lieu d'\u00e9coute? - CAMUS 67","robots":{"index":"index","follow":"follow","max-snippet":"max-snippet:-1","max-image-preview":"max-image-preview:large","max-video-preview":"max-video-preview:-1"},"canonical":"http:\/\/www.camus67.fr\/site\/","og_locale":"fr_FR","og_type":"article","og_title":"Vous faites vos \u00e9tudes \u00e0 Strasbourg et vous avez besoin d'un lieu d'\u00e9coute? - CAMUS 67","og_description":"Difficult\u00e9s d&rsquo;adaptation \u00e0 votre nouvelle vie \u00e9tudiante&#8230;\u00a0\u00a0 Id\u00e9es noires&#8230;\u00a0\u00a0 Stress li\u00e9 aux examens&#8230;\u00a0 Anxi\u00e9t\u00e9&#8230;\u00a0 Sentiment de solitude&#8230;\u00a0 Probl\u00e8mes familiaux ou sentimentaux&#8230;\u00a0 Troubles du comportement alimentaire&#8230;\u00a0\u00a0\u00a0 Isolement&#8230; Vous pouvez rencontrer un.e psychologue, un.e psychiatre, une di\u00e9t\u00e9ticienne ou une assistante sociale. Les&hellip; Continuer la lecture &rarr;","og_url":"http:\/\/www.camus67.fr\/site\/","og_site_name":"CAMUS 67","article_modified_time":"2024-07-01T11:59:40+00:00","og_image":[{"url":"http:\/\/www.camus67.fr\/site\/wp-content\/uploads\/2016\/10\/CAMUS-Strasbourg-20163.jpg","type":"","width":"","height":""}],"twitter_card":"summary_large_image","schema":{"@context":"https:\/\/schema.org","@graph":[{"@type":"WebPage","@id":"http:\/\/www.camus67.fr\/site\/","url":"http:\/\/www.camus67.fr\/site\/","name":"Vous faites vos \u00e9tudes \u00e0 Strasbourg et vous avez besoin d'un lieu d'\u00e9coute? - CAMUS 67","isPartOf":{"@id":"http:\/\/www.camus67.fr\/site\/#website"},"primaryImageOfPage":{"@id":"http:\/\/www.camus67.fr\/site\/#primaryimage"},"image":{"@id":"http:\/\/www.camus67.fr\/site\/#primaryimage"},"thumbnailUrl":"http:\/\/www.camus67.fr\/site\/wp-content\/uploads\/2016\/10\/CAMUS-Strasbourg-20163.jpg","datePublished":"2022-02-16T08:21:41+00:00","dateModified":"2024-07-01T11:59:40+00:00","breadcrumb":{"@id":"http:\/\/www.camus67.fr\/site\/#breadcrumb"},"inLanguage":"fr-FR","potentialAction":[{"@type":"ReadAction","target":["http:\/\/www.camus67.fr\/site\/"]}]},{"@type":"ImageObject","inLanguage":"fr-FR","@id":"http:\/\/www.camus67.fr\/site\/#primaryimage","url":"http:\/\/www.camus67.fr\/site\/wp-content\/uploads\/2016\/10\/CAMUS-Strasbourg-20163.jpg","contentUrl":"http:\/\/www.camus67.fr\/site\/wp-content\/uploads\/2016\/10\/CAMUS-Strasbourg-20163.jpg","width":1061,"height":838},{"@type":"BreadcrumbList","@id":"http:\/\/www.camus67.fr\/site\/#breadcrumb","itemListElement":[{"@type":"ListItem","position":1,"name":"Accueil","item":"http:\/\/www.camus67.fr\/site\/"},{"@type":"ListItem","position":2,"name":"Vous faites vos \u00e9tudes \u00e0 Strasbourg et vous avez besoin d&rsquo;un lieu d&rsquo;\u00e9coute?"}]},{"@type":"WebSite","@id":"http:\/\/www.camus67.fr\/site\/#website","url":"http:\/\/www.camus67.fr\/site\/","name":"CAMUS 67","description":"Centre d&#039;Accueil M\u00e9dico-psychologique Universitaire de Strasbourg","potentialAction":[{"@type":"SearchAction","target":{"@type":"EntryPoint","urlTemplate":"http:\/\/www.camus67.fr\/site\/?s={search_term_string}"},"query-input":{"@type":"PropertyValueSpecification","valueRequired":true,"valueName":"search_term_string"}}],"inLanguage":"fr-FR"}]}},"_links":{"self":[{"href":"http:\/\/www.camus67.fr\/site\/wp-json\/wp\/v2\/pages\/2","targetHints":{"allow":["GET"]}}],"collection":[{"href":"http:\/\/www.camus67.fr\/site\/wp-json\/wp\/v2\/pages"}],"about":[{"href":"http:\/\/www.camus67.fr\/site\/wp-json\/wp\/v2\/types\/page"}],"author":[{"embeddable":true,"href":"http:\/\/www.camus67.fr\/site\/wp-json\/wp\/v2\/users\/1"}],"replies":[{"embeddable":true,"href":"http:\/\/www.camus67.fr\/site\/wp-json\/wp\/v2\/comments?post=2"}],"version-history":[{"count":47,"href":"http:\/\/www.camus67.fr\/site\/wp-json\/wp\/v2\/pages\/2\/revisions"}],"predecessor-version":[{"id":681,"href":"http:\/\/www.camus67.fr\/site\/wp-json\/wp\/v2\/pages\/2\/revisions\/681"}],"wp:attachment":[{"href":"http:\/\/www.camus67.fr\/site\/wp-json\/wp\/v2\/media?parent=2"}],"curies":[{"name":"wp","href":"https:\/\/api.w.org\/{rel}","templated":true}]}}