{"id":28,"date":"2016-10-15T18:52:46","date_gmt":"2016-10-15T16:52:46","guid":{"rendered":"http:\/\/www.camus67.fr\/site\/?page_id=28"},"modified":"2023-09-24T11:46:17","modified_gmt":"2023-09-24T09:46:17","slug":"mh","status":"publish","type":"page","link":"http:\/\/www.camus67.fr\/site\/mh\/","title":{"rendered":"Mission handicap"},"content":{"rendered":"<p style=\"text-align: left;\">Un dispositif d&rsquo;accueil et d&rsquo;accompagnement est mis en \u0153uvre pour permettre aux \u00e9tudiants en situation de handicap de suivre leurs \u00e9tudes dans les meilleures conditions possibles. Pour cela, le <b>Service de la vie universitaire &#8211; Mission handicap <\/b>organise les aides ou les am\u00e9nagements adapt\u00e9s et apporte les conseils n\u00e9cessaires pour mener \u00e0 bien les projets d&rsquo;\u00e9tudes et professionnels.<\/p>\n<p>Vous trouverez toute information utile ici : <a href=\"https:\/\/handicap.unistra.fr\/\">https:\/\/handicap.unistra.fr\/<\/a><\/p>\n<p style=\"text-align: center;\"><strong>ATTENTION AUX DATES<\/strong><\/p>\n<p style=\"text-align: center;\"><strong>Nous vous informons que les demandes d\u2019am\u00e9nagements (renouvellement et nouvelle demande) du cursus et\/ou des examens se font d\u00e9sormais via ce lien : <\/strong><span id=\"OBJ_PREFIX_DWT816_com_zimbra_url\" class=\"Object\"><span id=\"OBJ_PREFIX_DWT819_com_zimbra_url\" class=\"Object\"><span id=\"OBJ_PREFIX_DWT733_com_zimbra_url\" class=\"Object\"><span id=\"OBJ_PREFIX_DWT738_com_zimbra_url\" class=\"Object\"><a href=\"https:\/\/amenagements-handicap.unistra.fr\" target=\"_blank\" rel=\"noopener noreferrer\"><strong>https:\/\/amenagements-handicap.unistra.fr<\/strong><\/a><\/span><\/span><\/span><\/span><\/p>\n<p><strong>\u00a0<\/strong><\/p>\n<p style=\"text-align: justify;\">\n","protected":false},"excerpt":{"rendered":"<p>Un dispositif d&rsquo;accueil et d&rsquo;accompagnement est mis en \u0153uvre pour permettre aux \u00e9tudiants en situation de handicap de suivre leurs \u00e9tudes dans les meilleures conditions possibles. Pour cela, le Service de la vie universitaire &#8211; Mission handicap organise les aides&hellip; <a href=\"http:\/\/www.camus67.fr\/site\/mh\/\" class=\"more-link\">Continuer la lecture <span class=\"meta-nav\">&rarr;<\/span><\/a><\/p>\n","protected":false},"author":1,"featured_media":0,"parent":0,"menu_order":0,"comment_status":"closed","ping_status":"closed","template":"","meta":{"footnotes":""},"class_list":["post-28","page","type-page","status-publish","hentry"],"yoast_head":"<!-- This site is optimized with the Yoast SEO plugin v26.1.1 - https:\/\/yoast.com\/wordpress\/plugins\/seo\/ -->\n<title>Mission handicap - CAMUS 67<\/title>\n<meta name=\"robots\" content=\"index, follow, max-snippet:-1, max-image-preview:large, max-video-preview:-1\" \/>\n<link rel=\"canonical\" href=\"http:\/\/www.camus67.fr\/site\/mh\/\" \/>\n<meta property=\"og:locale\" content=\"fr_FR\" \/>\n<meta property=\"og:type\" content=\"article\" \/>\n<meta property=\"og:title\" content=\"Mission handicap - CAMUS 67\" \/>\n<meta property=\"og:description\" content=\"Un dispositif d&rsquo;accueil et d&rsquo;accompagnement est mis en \u0153uvre pour permettre aux \u00e9tudiants en situation de handicap de suivre leurs \u00e9tudes dans les meilleures conditions possibles. Pour cela, le Service de la vie universitaire &#8211; Mission handicap organise les aides&hellip; Continuer la lecture &rarr;\" \/>\n<meta property=\"og:url\" content=\"http:\/\/www.camus67.fr\/site\/mh\/\" \/>\n<meta property=\"og:site_name\" content=\"CAMUS 67\" \/>\n<meta property=\"article:modified_time\" content=\"2023-09-24T09:46:17+00:00\" \/>\n<meta name=\"twitter:card\" content=\"summary_large_image\" \/>\n<meta name=\"twitter:label1\" content=\"Dur\u00e9e de lecture estim\u00e9e\" \/>\n\t<meta name=\"twitter:data1\" content=\"1 minute\" \/>\n<script type=\"application\/ld+json\" class=\"yoast-schema-graph\">{\"@context\":\"https:\/\/schema.org\",\"@graph\":[{\"@type\":\"WebPage\",\"@id\":\"http:\/\/www.camus67.fr\/site\/mh\/\",\"url\":\"http:\/\/www.camus67.fr\/site\/mh\/\",\"name\":\"Mission handicap - CAMUS 67\",\"isPartOf\":{\"@id\":\"http:\/\/www.camus67.fr\/site\/#website\"},\"datePublished\":\"2016-10-15T16:52:46+00:00\",\"dateModified\":\"2023-09-24T09:46:17+00:00\",\"breadcrumb\":{\"@id\":\"http:\/\/www.camus67.fr\/site\/mh\/#breadcrumb\"},\"inLanguage\":\"fr-FR\",\"potentialAction\":[{\"@type\":\"ReadAction\",\"target\":[\"http:\/\/www.camus67.fr\/site\/mh\/\"]}]},{\"@type\":\"BreadcrumbList\",\"@id\":\"http:\/\/www.camus67.fr\/site\/mh\/#breadcrumb\",\"itemListElement\":[{\"@type\":\"ListItem\",\"position\":1,\"name\":\"Accueil\",\"item\":\"http:\/\/www.camus67.fr\/site\/\"},{\"@type\":\"ListItem\",\"position\":2,\"name\":\"Mission handicap\"}]},{\"@type\":\"WebSite\",\"@id\":\"http:\/\/www.camus67.fr\/site\/#website\",\"url\":\"http:\/\/www.camus67.fr\/site\/\",\"name\":\"CAMUS 67\",\"description\":\"Centre d&#039;Accueil M\u00e9dico-psychologique Universitaire de Strasbourg\",\"potentialAction\":[{\"@type\":\"SearchAction\",\"target\":{\"@type\":\"EntryPoint\",\"urlTemplate\":\"http:\/\/www.camus67.fr\/site\/?s={search_term_string}\"},\"query-input\":{\"@type\":\"PropertyValueSpecification\",\"valueRequired\":true,\"valueName\":\"search_term_string\"}}],\"inLanguage\":\"fr-FR\"}]}<\/script>\n<!-- \/ Yoast SEO plugin. -->","yoast_head_json":{"title":"Mission handicap - CAMUS 67","robots":{"index":"index","follow":"follow","max-snippet":"max-snippet:-1","max-image-preview":"max-image-preview:large","max-video-preview":"max-video-preview:-1"},"canonical":"http:\/\/www.camus67.fr\/site\/mh\/","og_locale":"fr_FR","og_type":"article","og_title":"Mission handicap - CAMUS 67","og_description":"Un dispositif d&rsquo;accueil et d&rsquo;accompagnement est mis en \u0153uvre pour permettre aux \u00e9tudiants en situation de handicap de suivre leurs \u00e9tudes dans les meilleures conditions possibles. Pour cela, le Service de la vie universitaire &#8211; Mission handicap organise les aides&hellip; Continuer la lecture &rarr;","og_url":"http:\/\/www.camus67.fr\/site\/mh\/","og_site_name":"CAMUS 67","article_modified_time":"2023-09-24T09:46:17+00:00","twitter_card":"summary_large_image","twitter_misc":{"Dur\u00e9e de lecture estim\u00e9e":"1 minute"},"schema":{"@context":"https:\/\/schema.org","@graph":[{"@type":"WebPage","@id":"http:\/\/www.camus67.fr\/site\/mh\/","url":"http:\/\/www.camus67.fr\/site\/mh\/","name":"Mission handicap - CAMUS 67","isPartOf":{"@id":"http:\/\/www.camus67.fr\/site\/#website"},"datePublished":"2016-10-15T16:52:46+00:00","dateModified":"2023-09-24T09:46:17+00:00","breadcrumb":{"@id":"http:\/\/www.camus67.fr\/site\/mh\/#breadcrumb"},"inLanguage":"fr-FR","potentialAction":[{"@type":"ReadAction","target":["http:\/\/www.camus67.fr\/site\/mh\/"]}]},{"@type":"BreadcrumbList","@id":"http:\/\/www.camus67.fr\/site\/mh\/#breadcrumb","itemListElement":[{"@type":"ListItem","position":1,"name":"Accueil","item":"http:\/\/www.camus67.fr\/site\/"},{"@type":"ListItem","position":2,"name":"Mission handicap"}]},{"@type":"WebSite","@id":"http:\/\/www.camus67.fr\/site\/#website","url":"http:\/\/www.camus67.fr\/site\/","name":"CAMUS 67","description":"Centre d&#039;Accueil M\u00e9dico-psychologique Universitaire de Strasbourg","potentialAction":[{"@type":"SearchAction","target":{"@type":"EntryPoint","urlTemplate":"http:\/\/www.camus67.fr\/site\/?s={search_term_string}"},"query-input":{"@type":"PropertyValueSpecification","valueRequired":true,"valueName":"search_term_string"}}],"inLanguage":"fr-FR"}]}},"_links":{"self":[{"href":"http:\/\/www.camus67.fr\/site\/wp-json\/wp\/v2\/pages\/28","targetHints":{"allow":["GET"]}}],"collection":[{"href":"http:\/\/www.camus67.fr\/site\/wp-json\/wp\/v2\/pages"}],"about":[{"href":"http:\/\/www.camus67.fr\/site\/wp-json\/wp\/v2\/types\/page"}],"author":[{"embeddable":true,"href":"http:\/\/www.camus67.fr\/site\/wp-json\/wp\/v2\/users\/1"}],"replies":[{"embeddable":true,"href":"http:\/\/www.camus67.fr\/site\/wp-json\/wp\/v2\/comments?post=28"}],"version-history":[{"count":28,"href":"http:\/\/www.camus67.fr\/site\/wp-json\/wp\/v2\/pages\/28\/revisions"}],"predecessor-version":[{"id":661,"href":"http:\/\/www.camus67.fr\/site\/wp-json\/wp\/v2\/pages\/28\/revisions\/661"}],"wp:attachment":[{"href":"http:\/\/www.camus67.fr\/site\/wp-json\/wp\/v2\/media?parent=28"}],"curies":[{"name":"wp","href":"https:\/\/api.w.org\/{rel}","templated":true}]}}