{"id":47,"date":"2016-10-15T20:28:03","date_gmt":"2016-10-15T18:28:03","guid":{"rendered":"http:\/\/www.camus67.fr\/site\/?page_id=47"},"modified":"2025-05-06T17:05:59","modified_gmt":"2025-05-06T15:05:59","slug":"les-chiffres","status":"publish","type":"page","link":"http:\/\/www.camus67.fr\/site\/les-chiffres\/","title":{"rendered":"Quelques chiffres"},"content":{"rendered":"<p><strong>Depuis quelques ann\u00e9es, la demande de consultation augmente ainsi que les actes r\u00e9alis\u00e9s&#8230;<\/strong><\/p>\n<ul>\n<li>En 2023, <span style=\"color: #000000;\">1989 \u00c9tudiants re\u00e7us<\/span> au CAMUS pour <span style=\"color: #000000;\">9014 consultations<\/span><\/li>\n<\/ul>\n<ul>\n<li>En 2022, <span style=\"color: #000000;\">2130 \u00c9tudiants re\u00e7us<\/span> au CAMUS pour <span style=\"color: #000000;\">8886 consultations<\/span><\/li>\n<li>En 2021, <span style=\"color: #000000;\">1917<\/span> \u00c9tudiants re\u00e7us au CAMUS pou<span style=\"color: #000000;\">r 7755 <\/span>consultations<\/li>\n<li>En 2020, 1382 \u00c9tudiants re\u00e7us au CAMUS pour 4563 consultations<\/li>\n<li>En 2019, 1204 \u00c9tudiants re\u00e7us au CAMUS pour 3829 consultations<\/li>\n<li>En 2018, 1182 \u00c9tudiants re\u00e7us au CAMUS pour 4105 consultations<\/li>\n<li>En 2017, 1064 \u00c9tudiants re\u00e7us au CAMUS pour 4080 consultations<\/li>\n<li>En 2016, 1052 \u00c9tudiants re\u00e7us au CAMUS pour 3855 consultations<\/li>\n<li>En 2015, 945 \u00c9tudiants re\u00e7us au CAMUS pour 3504 consultations<\/li>\n<li>En 2014, 909 \u00c9tudiants re\u00e7us au CAMUS pour 3587 consultations<\/li>\n<li>En 2013, 893 \u00c9tudiants re\u00e7us au CAMUS pour 3 588 consultations<\/li>\n<li>En 2012, 840 \u00c9tudiants re\u00e7us au CAMUS pour 3 320 consultations<\/li>\n<li>En 2011, 747 \u00c9tudiants re\u00e7us au CAMUS pour 3 071 consultations<\/li>\n<li>En 2010, 608 \u00c9tudiants re\u00e7us au CAMUS pour 2 348 consultations<\/li>\n<li>En 2009, 477 \u00c9tudiants re\u00e7us au CAMUS pour 1 663 consultations<\/li>\n<\/ul>\n<p><a href=\"http:\/\/www.camus67.fr\/site\/les-chiffres\/consutlations-camus-2\/#main\"><img loading=\"lazy\" decoding=\"async\" class=\"aligncenter wp-image-591 size-full\" src=\"http:\/\/www.camus67.fr\/site\/wp-content\/uploads\/2016\/10\/consutlations-camus-1.jpg\" width=\"588\" height=\"336\" srcset=\"http:\/\/www.camus67.fr\/site\/wp-content\/uploads\/2016\/10\/consutlations-camus-1.jpg 588w, http:\/\/www.camus67.fr\/site\/wp-content\/uploads\/2016\/10\/consutlations-camus-1-300x171.jpg 300w\" sizes=\"auto, (max-width: 588px) 100vw, 588px\" \/><\/a><\/p>\n","protected":false},"excerpt":{"rendered":"<p>Depuis quelques ann\u00e9es, la demande de consultation augmente ainsi que les actes r\u00e9alis\u00e9s&#8230; En 2023, 1989 \u00c9tudiants re\u00e7us au CAMUS pour 9014 consultations En 2022, 2130 \u00c9tudiants re\u00e7us au CAMUS pour 8886 consultations En 2021, 1917 \u00c9tudiants re\u00e7us au CAMUS&hellip; <a href=\"http:\/\/www.camus67.fr\/site\/les-chiffres\/\" class=\"more-link\">Continuer la lecture <span class=\"meta-nav\">&rarr;<\/span><\/a><\/p>\n","protected":false},"author":1,"featured_media":0,"parent":0,"menu_order":0,"comment_status":"closed","ping_status":"closed","template":"","meta":{"footnotes":""},"class_list":["post-47","page","type-page","status-publish","hentry"],"yoast_head":"<!-- This site is optimized with the Yoast SEO plugin v26.1.1 - https:\/\/yoast.com\/wordpress\/plugins\/seo\/ -->\n<title>Quelques chiffres - CAMUS 67<\/title>\n<meta name=\"robots\" content=\"index, follow, max-snippet:-1, max-image-preview:large, max-video-preview:-1\" \/>\n<link rel=\"canonical\" href=\"http:\/\/www.camus67.fr\/site\/les-chiffres\/\" \/>\n<meta property=\"og:locale\" content=\"fr_FR\" \/>\n<meta property=\"og:type\" content=\"article\" \/>\n<meta property=\"og:title\" content=\"Quelques chiffres - CAMUS 67\" \/>\n<meta property=\"og:description\" content=\"Depuis quelques ann\u00e9es, la demande de consultation augmente ainsi que les actes r\u00e9alis\u00e9s&#8230; En 2023, 1989 \u00c9tudiants re\u00e7us au CAMUS pour 9014 consultations En 2022, 2130 \u00c9tudiants re\u00e7us au CAMUS pour 8886 consultations En 2021, 1917 \u00c9tudiants re\u00e7us au CAMUS&hellip; Continuer la lecture &rarr;\" \/>\n<meta property=\"og:url\" content=\"http:\/\/www.camus67.fr\/site\/les-chiffres\/\" \/>\n<meta property=\"og:site_name\" content=\"CAMUS 67\" \/>\n<meta property=\"article:modified_time\" content=\"2025-05-06T15:05:59+00:00\" \/>\n<meta property=\"og:image\" content=\"http:\/\/www.camus67.fr\/site\/wp-content\/uploads\/2016\/10\/consutlations-camus-1.jpg\" \/>\n<meta name=\"twitter:card\" content=\"summary_large_image\" \/>\n<meta name=\"twitter:label1\" content=\"Dur\u00e9e de lecture estim\u00e9e\" \/>\n\t<meta name=\"twitter:data1\" content=\"1 minute\" \/>\n<script type=\"application\/ld+json\" class=\"yoast-schema-graph\">{\"@context\":\"https:\/\/schema.org\",\"@graph\":[{\"@type\":\"WebPage\",\"@id\":\"http:\/\/www.camus67.fr\/site\/les-chiffres\/\",\"url\":\"http:\/\/www.camus67.fr\/site\/les-chiffres\/\",\"name\":\"Quelques chiffres - CAMUS 67\",\"isPartOf\":{\"@id\":\"http:\/\/www.camus67.fr\/site\/#website\"},\"primaryImageOfPage\":{\"@id\":\"http:\/\/www.camus67.fr\/site\/les-chiffres\/#primaryimage\"},\"image\":{\"@id\":\"http:\/\/www.camus67.fr\/site\/les-chiffres\/#primaryimage\"},\"thumbnailUrl\":\"http:\/\/www.camus67.fr\/site\/wp-content\/uploads\/2016\/10\/consutlations-camus-1.jpg\",\"datePublished\":\"2016-10-15T18:28:03+00:00\",\"dateModified\":\"2025-05-06T15:05:59+00:00\",\"breadcrumb\":{\"@id\":\"http:\/\/www.camus67.fr\/site\/les-chiffres\/#breadcrumb\"},\"inLanguage\":\"fr-FR\",\"potentialAction\":[{\"@type\":\"ReadAction\",\"target\":[\"http:\/\/www.camus67.fr\/site\/les-chiffres\/\"]}]},{\"@type\":\"ImageObject\",\"inLanguage\":\"fr-FR\",\"@id\":\"http:\/\/www.camus67.fr\/site\/les-chiffres\/#primaryimage\",\"url\":\"http:\/\/www.camus67.fr\/site\/wp-content\/uploads\/2016\/10\/consutlations-camus-1.jpg\",\"contentUrl\":\"http:\/\/www.camus67.fr\/site\/wp-content\/uploads\/2016\/10\/consutlations-camus-1.jpg\",\"width\":588,\"height\":336},{\"@type\":\"BreadcrumbList\",\"@id\":\"http:\/\/www.camus67.fr\/site\/les-chiffres\/#breadcrumb\",\"itemListElement\":[{\"@type\":\"ListItem\",\"position\":1,\"name\":\"Accueil\",\"item\":\"http:\/\/www.camus67.fr\/site\/\"},{\"@type\":\"ListItem\",\"position\":2,\"name\":\"Quelques chiffres\"}]},{\"@type\":\"WebSite\",\"@id\":\"http:\/\/www.camus67.fr\/site\/#website\",\"url\":\"http:\/\/www.camus67.fr\/site\/\",\"name\":\"CAMUS 67\",\"description\":\"Centre d&#039;Accueil M\u00e9dico-psychologique Universitaire de Strasbourg\",\"potentialAction\":[{\"@type\":\"SearchAction\",\"target\":{\"@type\":\"EntryPoint\",\"urlTemplate\":\"http:\/\/www.camus67.fr\/site\/?s={search_term_string}\"},\"query-input\":{\"@type\":\"PropertyValueSpecification\",\"valueRequired\":true,\"valueName\":\"search_term_string\"}}],\"inLanguage\":\"fr-FR\"}]}<\/script>\n<!-- \/ Yoast SEO plugin. -->","yoast_head_json":{"title":"Quelques chiffres - CAMUS 67","robots":{"index":"index","follow":"follow","max-snippet":"max-snippet:-1","max-image-preview":"max-image-preview:large","max-video-preview":"max-video-preview:-1"},"canonical":"http:\/\/www.camus67.fr\/site\/les-chiffres\/","og_locale":"fr_FR","og_type":"article","og_title":"Quelques chiffres - CAMUS 67","og_description":"Depuis quelques ann\u00e9es, la demande de consultation augmente ainsi que les actes r\u00e9alis\u00e9s&#8230; En 2023, 1989 \u00c9tudiants re\u00e7us au CAMUS pour 9014 consultations En 2022, 2130 \u00c9tudiants re\u00e7us au CAMUS pour 8886 consultations En 2021, 1917 \u00c9tudiants re\u00e7us au CAMUS&hellip; Continuer la lecture &rarr;","og_url":"http:\/\/www.camus67.fr\/site\/les-chiffres\/","og_site_name":"CAMUS 67","article_modified_time":"2025-05-06T15:05:59+00:00","og_image":[{"url":"http:\/\/www.camus67.fr\/site\/wp-content\/uploads\/2016\/10\/consutlations-camus-1.jpg","type":"","width":"","height":""}],"twitter_card":"summary_large_image","twitter_misc":{"Dur\u00e9e de lecture estim\u00e9e":"1 minute"},"schema":{"@context":"https:\/\/schema.org","@graph":[{"@type":"WebPage","@id":"http:\/\/www.camus67.fr\/site\/les-chiffres\/","url":"http:\/\/www.camus67.fr\/site\/les-chiffres\/","name":"Quelques chiffres - CAMUS 67","isPartOf":{"@id":"http:\/\/www.camus67.fr\/site\/#website"},"primaryImageOfPage":{"@id":"http:\/\/www.camus67.fr\/site\/les-chiffres\/#primaryimage"},"image":{"@id":"http:\/\/www.camus67.fr\/site\/les-chiffres\/#primaryimage"},"thumbnailUrl":"http:\/\/www.camus67.fr\/site\/wp-content\/uploads\/2016\/10\/consutlations-camus-1.jpg","datePublished":"2016-10-15T18:28:03+00:00","dateModified":"2025-05-06T15:05:59+00:00","breadcrumb":{"@id":"http:\/\/www.camus67.fr\/site\/les-chiffres\/#breadcrumb"},"inLanguage":"fr-FR","potentialAction":[{"@type":"ReadAction","target":["http:\/\/www.camus67.fr\/site\/les-chiffres\/"]}]},{"@type":"ImageObject","inLanguage":"fr-FR","@id":"http:\/\/www.camus67.fr\/site\/les-chiffres\/#primaryimage","url":"http:\/\/www.camus67.fr\/site\/wp-content\/uploads\/2016\/10\/consutlations-camus-1.jpg","contentUrl":"http:\/\/www.camus67.fr\/site\/wp-content\/uploads\/2016\/10\/consutlations-camus-1.jpg","width":588,"height":336},{"@type":"BreadcrumbList","@id":"http:\/\/www.camus67.fr\/site\/les-chiffres\/#breadcrumb","itemListElement":[{"@type":"ListItem","position":1,"name":"Accueil","item":"http:\/\/www.camus67.fr\/site\/"},{"@type":"ListItem","position":2,"name":"Quelques chiffres"}]},{"@type":"WebSite","@id":"http:\/\/www.camus67.fr\/site\/#website","url":"http:\/\/www.camus67.fr\/site\/","name":"CAMUS 67","description":"Centre d&#039;Accueil M\u00e9dico-psychologique Universitaire de Strasbourg","potentialAction":[{"@type":"SearchAction","target":{"@type":"EntryPoint","urlTemplate":"http:\/\/www.camus67.fr\/site\/?s={search_term_string}"},"query-input":{"@type":"PropertyValueSpecification","valueRequired":true,"valueName":"search_term_string"}}],"inLanguage":"fr-FR"}]}},"_links":{"self":[{"href":"http:\/\/www.camus67.fr\/site\/wp-json\/wp\/v2\/pages\/47","targetHints":{"allow":["GET"]}}],"collection":[{"href":"http:\/\/www.camus67.fr\/site\/wp-json\/wp\/v2\/pages"}],"about":[{"href":"http:\/\/www.camus67.fr\/site\/wp-json\/wp\/v2\/types\/page"}],"author":[{"embeddable":true,"href":"http:\/\/www.camus67.fr\/site\/wp-json\/wp\/v2\/users\/1"}],"replies":[{"embeddable":true,"href":"http:\/\/www.camus67.fr\/site\/wp-json\/wp\/v2\/comments?post=47"}],"version-history":[{"count":17,"href":"http:\/\/www.camus67.fr\/site\/wp-json\/wp\/v2\/pages\/47\/revisions"}],"predecessor-version":[{"id":725,"href":"http:\/\/www.camus67.fr\/site\/wp-json\/wp\/v2\/pages\/47\/revisions\/725"}],"wp:attachment":[{"href":"http:\/\/www.camus67.fr\/site\/wp-json\/wp\/v2\/media?parent=47"}],"curies":[{"name":"wp","href":"https:\/\/api.w.org\/{rel}","templated":true}]}}