{"id":51,"date":"2016-10-15T20:31:03","date_gmt":"2016-10-15T18:31:03","guid":{"rendered":"http:\/\/www.camus67.fr\/site\/?page_id=51"},"modified":"2026-03-24T16:07:45","modified_gmt":"2026-03-24T15:07:45","slug":"stagiaires","status":"publish","type":"page","link":"http:\/\/www.camus67.fr\/site\/stagiaires\/","title":{"rendered":"Stagiaire psychologue"},"content":{"rendered":"<h4 style=\"text-align: justify;\">Pour qui?<\/h4>\n<p style=\"text-align: justify;\">Chaque ann\u00e9e, le CAMUS accueille en stage 1 \u00e0 2 \u00e9tudiant.e.s en <strong>MASTER 2 de Psychologie et Psychopathologie Clinique<\/strong>. (selon les capacit\u00e9s d&rsquo;accueil). Le stage d\u00e9bute \u00e0 partir du moment o\u00f9 les conventions de stage sont sign\u00e9es et se poursuit jusqu\u2019\u00e0 la fermeture du CAMUS au mois de Juillet. Chaque stagiaire est r\u00e9mun\u00e9r\u00e9 selon les grilles en vigueur ce qui permet d\u2019effectuer un stage complet de 384H sans avoir \u00e0 rechercher une structure annexe.<\/p>\n<p style=\"text-align: justify;\">Le CAMUS accueille aussi 1 ou 2 \u00e9tudiant.e.s en <strong>MASTER 1 de Psychologie et Psychopathologie Clinique <\/strong>(selon nos capacit\u00e9s d&rsquo;accueil). Ce stage de 192H ne sera pas r\u00e9mun\u00e9r\u00e9.<\/p>\n<h4><strong>D\u00e9roulement du stage de M2?<\/strong><\/h4>\n<p style=\"text-align: justify;\">Le stagiaire psychologue fait partie int\u00e9grante de l\u2019\u00e9quipe et est invit\u00e9 \u00e0 participer \u00e0 tous les temps institutionnels. La supervision a lieu une fois par semaine et permet de mettre au travail tout questionnement clinique et institutionnel au regard du Code de d\u00e9ontologie des psychologues.<\/p>\n<p style=\"text-align: justify;\">Lors des premiers mois, le stagiaire psychologue est en p\u00e9riode de d\u00e9couverte et d\u2019observation. Il est invit\u00e9 \u00e0 participer aux premi\u00e8res consultations en bin\u00f4me avec les diff\u00e9rents th\u00e9rapeutes exer\u00e7ant au CAMUS. Ce temps sera \u00e9galement l\u2019occasion de d\u00e9couvrir les services partageant les locaux (SSE, SST), le fonctionnement du CAMUS et les diff\u00e9rents projets qui y sont li\u00e9s.<\/p>\n<p style=\"text-align: justify;\">Dans un second temps, et apr\u00e8s concertation avec la r\u00e9f\u00e9rente de stage, le stagiaire psychologue pourra effectuer des consultations seul(e). La supervision ainsi que les r\u00e9unions d\u2019\u00e9quipe seront des temps ressources pour aborder la clinique et discuter d\u2019\u00e9ventuelles difficult\u00e9s rencontr\u00e9es.<\/p>\n<p style=\"text-align: justify;\">Tout au long de l\u2019ann\u00e9e, le stagiaire psychologue participe de mani\u00e8re assidue aux r\u00e9unions institutionnelles et est invit\u00e9 \u00e0 prendre part au groupe d\u2019encadrement des \u00c9tudiants Relais\u00a0Cit\u00e9 avec la psychologue r\u00e9f\u00e9rente du dispositif.<\/p>\n<h4>Pour postuler ? <strong><br \/>\n<\/strong><\/h4>\n<p style=\"text-align: justify;\">*Pour les \u00e9tudiants en Master 2, envoyez votre CV et votre lettre de motivation en l\u2019adressant \u00e0 Madame Pauline FALLECKER, psychologue clinicienne et r\u00e9f\u00e9rente de stage, par mail \u00e0 <a href=\"mailto:camus@unistra.fr\">camus@unistra.fr <\/a>(objet: candidature de stage)<\/p>\n<p>&nbsp;<\/p>\n","protected":false},"excerpt":{"rendered":"<p>Pour qui? Chaque ann\u00e9e, le CAMUS accueille en stage 1 \u00e0 2 \u00e9tudiant.e.s en MASTER 2 de Psychologie et Psychopathologie Clinique. (selon les capacit\u00e9s d&rsquo;accueil). Le stage d\u00e9bute \u00e0 partir du moment o\u00f9 les conventions de stage sont sign\u00e9es et&hellip; <a href=\"http:\/\/www.camus67.fr\/site\/stagiaires\/\" class=\"more-link\">Continuer la lecture <span class=\"meta-nav\">&rarr;<\/span><\/a><\/p>\n","protected":false},"author":1,"featured_media":0,"parent":0,"menu_order":0,"comment_status":"closed","ping_status":"closed","template":"","meta":{"footnotes":""},"class_list":["post-51","page","type-page","status-publish","hentry"],"yoast_head":"<!-- This site is optimized with the Yoast SEO plugin v26.1.1 - https:\/\/yoast.com\/wordpress\/plugins\/seo\/ -->\n<title>Stagiaire psychologue - CAMUS 67<\/title>\n<meta name=\"robots\" content=\"index, follow, max-snippet:-1, max-image-preview:large, max-video-preview:-1\" \/>\n<link rel=\"canonical\" href=\"http:\/\/www.camus67.fr\/site\/stagiaires\/\" \/>\n<meta property=\"og:locale\" content=\"fr_FR\" \/>\n<meta property=\"og:type\" content=\"article\" \/>\n<meta property=\"og:title\" content=\"Stagiaire psychologue - CAMUS 67\" \/>\n<meta property=\"og:description\" content=\"Pour qui? Chaque ann\u00e9e, le CAMUS accueille en stage 1 \u00e0 2 \u00e9tudiant.e.s en MASTER 2 de Psychologie et Psychopathologie Clinique. (selon les capacit\u00e9s d&rsquo;accueil). Le stage d\u00e9bute \u00e0 partir du moment o\u00f9 les conventions de stage sont sign\u00e9es et&hellip; Continuer la lecture &rarr;\" \/>\n<meta property=\"og:url\" content=\"http:\/\/www.camus67.fr\/site\/stagiaires\/\" \/>\n<meta property=\"og:site_name\" content=\"CAMUS 67\" \/>\n<meta property=\"article:modified_time\" content=\"2026-03-24T15:07:45+00:00\" \/>\n<meta name=\"twitter:card\" content=\"summary_large_image\" \/>\n<meta name=\"twitter:label1\" content=\"Dur\u00e9e de lecture estim\u00e9e\" \/>\n\t<meta name=\"twitter:data1\" content=\"2 minutes\" \/>\n<script type=\"application\/ld+json\" class=\"yoast-schema-graph\">{\"@context\":\"https:\/\/schema.org\",\"@graph\":[{\"@type\":\"WebPage\",\"@id\":\"http:\/\/www.camus67.fr\/site\/stagiaires\/\",\"url\":\"http:\/\/www.camus67.fr\/site\/stagiaires\/\",\"name\":\"Stagiaire psychologue - CAMUS 67\",\"isPartOf\":{\"@id\":\"http:\/\/www.camus67.fr\/site\/#website\"},\"datePublished\":\"2016-10-15T18:31:03+00:00\",\"dateModified\":\"2026-03-24T15:07:45+00:00\",\"breadcrumb\":{\"@id\":\"http:\/\/www.camus67.fr\/site\/stagiaires\/#breadcrumb\"},\"inLanguage\":\"fr-FR\",\"potentialAction\":[{\"@type\":\"ReadAction\",\"target\":[\"http:\/\/www.camus67.fr\/site\/stagiaires\/\"]}]},{\"@type\":\"BreadcrumbList\",\"@id\":\"http:\/\/www.camus67.fr\/site\/stagiaires\/#breadcrumb\",\"itemListElement\":[{\"@type\":\"ListItem\",\"position\":1,\"name\":\"Accueil\",\"item\":\"http:\/\/www.camus67.fr\/site\/\"},{\"@type\":\"ListItem\",\"position\":2,\"name\":\"Stagiaire psychologue\"}]},{\"@type\":\"WebSite\",\"@id\":\"http:\/\/www.camus67.fr\/site\/#website\",\"url\":\"http:\/\/www.camus67.fr\/site\/\",\"name\":\"CAMUS 67\",\"description\":\"Centre d&#039;Accueil M\u00e9dico-psychologique Universitaire de Strasbourg\",\"potentialAction\":[{\"@type\":\"SearchAction\",\"target\":{\"@type\":\"EntryPoint\",\"urlTemplate\":\"http:\/\/www.camus67.fr\/site\/?s={search_term_string}\"},\"query-input\":{\"@type\":\"PropertyValueSpecification\",\"valueRequired\":true,\"valueName\":\"search_term_string\"}}],\"inLanguage\":\"fr-FR\"}]}<\/script>\n<!-- \/ Yoast SEO plugin. -->","yoast_head_json":{"title":"Stagiaire psychologue - CAMUS 67","robots":{"index":"index","follow":"follow","max-snippet":"max-snippet:-1","max-image-preview":"max-image-preview:large","max-video-preview":"max-video-preview:-1"},"canonical":"http:\/\/www.camus67.fr\/site\/stagiaires\/","og_locale":"fr_FR","og_type":"article","og_title":"Stagiaire psychologue - CAMUS 67","og_description":"Pour qui? Chaque ann\u00e9e, le CAMUS accueille en stage 1 \u00e0 2 \u00e9tudiant.e.s en MASTER 2 de Psychologie et Psychopathologie Clinique. (selon les capacit\u00e9s d&rsquo;accueil). Le stage d\u00e9bute \u00e0 partir du moment o\u00f9 les conventions de stage sont sign\u00e9es et&hellip; Continuer la lecture &rarr;","og_url":"http:\/\/www.camus67.fr\/site\/stagiaires\/","og_site_name":"CAMUS 67","article_modified_time":"2026-03-24T15:07:45+00:00","twitter_card":"summary_large_image","twitter_misc":{"Dur\u00e9e de lecture estim\u00e9e":"2 minutes"},"schema":{"@context":"https:\/\/schema.org","@graph":[{"@type":"WebPage","@id":"http:\/\/www.camus67.fr\/site\/stagiaires\/","url":"http:\/\/www.camus67.fr\/site\/stagiaires\/","name":"Stagiaire psychologue - CAMUS 67","isPartOf":{"@id":"http:\/\/www.camus67.fr\/site\/#website"},"datePublished":"2016-10-15T18:31:03+00:00","dateModified":"2026-03-24T15:07:45+00:00","breadcrumb":{"@id":"http:\/\/www.camus67.fr\/site\/stagiaires\/#breadcrumb"},"inLanguage":"fr-FR","potentialAction":[{"@type":"ReadAction","target":["http:\/\/www.camus67.fr\/site\/stagiaires\/"]}]},{"@type":"BreadcrumbList","@id":"http:\/\/www.camus67.fr\/site\/stagiaires\/#breadcrumb","itemListElement":[{"@type":"ListItem","position":1,"name":"Accueil","item":"http:\/\/www.camus67.fr\/site\/"},{"@type":"ListItem","position":2,"name":"Stagiaire psychologue"}]},{"@type":"WebSite","@id":"http:\/\/www.camus67.fr\/site\/#website","url":"http:\/\/www.camus67.fr\/site\/","name":"CAMUS 67","description":"Centre d&#039;Accueil M\u00e9dico-psychologique Universitaire de Strasbourg","potentialAction":[{"@type":"SearchAction","target":{"@type":"EntryPoint","urlTemplate":"http:\/\/www.camus67.fr\/site\/?s={search_term_string}"},"query-input":{"@type":"PropertyValueSpecification","valueRequired":true,"valueName":"search_term_string"}}],"inLanguage":"fr-FR"}]}},"_links":{"self":[{"href":"http:\/\/www.camus67.fr\/site\/wp-json\/wp\/v2\/pages\/51","targetHints":{"allow":["GET"]}}],"collection":[{"href":"http:\/\/www.camus67.fr\/site\/wp-json\/wp\/v2\/pages"}],"about":[{"href":"http:\/\/www.camus67.fr\/site\/wp-json\/wp\/v2\/types\/page"}],"author":[{"embeddable":true,"href":"http:\/\/www.camus67.fr\/site\/wp-json\/wp\/v2\/users\/1"}],"replies":[{"embeddable":true,"href":"http:\/\/www.camus67.fr\/site\/wp-json\/wp\/v2\/comments?post=51"}],"version-history":[{"count":16,"href":"http:\/\/www.camus67.fr\/site\/wp-json\/wp\/v2\/pages\/51\/revisions"}],"predecessor-version":[{"id":744,"href":"http:\/\/www.camus67.fr\/site\/wp-json\/wp\/v2\/pages\/51\/revisions\/744"}],"wp:attachment":[{"href":"http:\/\/www.camus67.fr\/site\/wp-json\/wp\/v2\/media?parent=51"}],"curies":[{"name":"wp","href":"https:\/\/api.w.org\/{rel}","templated":true}]}}