{"id":58,"date":"2016-10-15T20:34:16","date_gmt":"2016-10-15T18:34:16","guid":{"rendered":"http:\/\/www.camus67.fr\/site\/?page_id=58"},"modified":"2024-07-01T14:01:57","modified_gmt":"2024-07-01T12:01:57","slug":"consultations","status":"publish","type":"page","link":"http:\/\/www.camus67.fr\/site\/consultations\/","title":{"rendered":"Les consultations"},"content":{"rendered":"<h4>La demande de consultation<\/h4>\n<p style=\"text-align: justify;\">La demande de consultation La d\u00e9marche de consultation est subjective et confidentielle. Toute demande est l\u00e9gitime pour \u00eatre entendu.e et \u00e9cout\u00e9.e. Vous pouvez m\u00eame venir parler d&rsquo;un proche pour lequel vous vous inqui\u00e9tez. Du moment qu&rsquo;un rendez-vous vous a \u00e9t\u00e9 attribu\u00e9, vous aurez affaire au m\u00eame th\u00e9rapeute sauf si vous exprimez un besoin de changement. Chaque consultation dure une trentaine de minutes selon le cr\u00e9neau horaire qui vous a \u00e9t\u00e9 attribu\u00e9.<\/p>\n<p><strong>Les propositions suite \u00e0 votre rencontre avec le th\u00e9rapeute:<\/strong><\/p>\n<p style=\"text-align: justify;\">A l&rsquo;issue de votre premi\u00e8re consultation, en fonction de votre demande et de vos besoins, votre th\u00e9rapeute vous proposera un projet de soin ou un suivi psychoth\u00e9rapeutique en interne ou vers une structure plus adapt\u00e9e.<\/p>\n<p style=\"text-align: justify;\">Au sein du CAMUS, vous serez re\u00e7u.e pour des premi\u00e8res consultations d&rsquo;accueil et de bilan. En cas de r\u00e9orientation \u00e0 l&rsquo;ext\u00e9rieur, vous serez guid\u00e9.e par le th\u00e9rapeute afin que la proposition corresponde au mieux \u00e0 votre situation (vers le r\u00e9seau lib\u00e9ral, vers un CMP, etc). Il est \u00e9galement possible de poursuivre vos consultations en interne au sein du CAMUS.<\/p>\n<p style=\"text-align: justify;\">Si vous souhaitiez avoir acc\u00e8s \u00e0 votre dossier m\u00e9dical, toute demande doit \u00eatre faite par \u00e9crit \u00e0 la Direction m\u00e9dicale du CAMUS sur place en remplissant le formulaire d\u00e9di\u00e9. Cette demande doit \u00eatre accompagn\u00e9e d&rsquo;une copie de la pi\u00e8ce d&rsquo;identit\u00e9 en cours de validit\u00e9.<strong><br \/>\n<\/strong><\/p>\n<p><strong>La demande de consultation peut aussi \u00eatre sp\u00e9cifique et li\u00e9e \u00e0 des difficult\u00e9s entravant vos \u00e9tudes:<\/strong><\/p>\n<p style=\"text-align: justify;\">-une consultation plus m\u00e9dicale: renouvellement d&rsquo;ordonnance, mise en place d&rsquo;un traitement, demande d&rsquo;\u00e9clairage diagnostic, etc.;<\/p>\n<p style=\"text-align: justify;\">-une demande d&rsquo;am\u00e9nagements de votre parcours d&rsquo;\u00e9tudes (lien avec la <a href=\"https:\/\/handicap.unistra.fr\/vie-des-campus\/accompagnement-du-handicap\/service-de-la-vie-universitaire-mission-handicap\">Mission Handicap de l&rsquo;universit\u00e9)<\/a>.<\/p>\n<p style=\"text-align: justify;\">\n<p><span style=\"color: #ff0000;\"><strong>Important\/\u00e0 noter: au sein du CAMUS nous ne pratiquons pas de bilan psychologique, psychom\u00e9trique ou diagnostic (Quotient Intellectuel, TDA\/H, TSA, etc.)<\/strong><\/span><\/p>\n","protected":false},"excerpt":{"rendered":"<p>La demande de consultation La demande de consultation La d\u00e9marche de consultation est subjective et confidentielle. Toute demande est l\u00e9gitime pour \u00eatre entendu.e et \u00e9cout\u00e9.e. Vous pouvez m\u00eame venir parler d&rsquo;un proche pour lequel vous vous inqui\u00e9tez. Du moment qu&rsquo;un&hellip; <a href=\"http:\/\/www.camus67.fr\/site\/consultations\/\" class=\"more-link\">Continuer la lecture <span class=\"meta-nav\">&rarr;<\/span><\/a><\/p>\n","protected":false},"author":1,"featured_media":0,"parent":0,"menu_order":0,"comment_status":"closed","ping_status":"closed","template":"","meta":{"footnotes":""},"class_list":["post-58","page","type-page","status-publish","hentry"],"yoast_head":"<!-- This site is optimized with the Yoast SEO plugin v26.1.1 - https:\/\/yoast.com\/wordpress\/plugins\/seo\/ -->\n<title>Les consultations - CAMUS 67<\/title>\n<meta name=\"robots\" content=\"index, follow, max-snippet:-1, max-image-preview:large, max-video-preview:-1\" \/>\n<link rel=\"canonical\" href=\"http:\/\/www.camus67.fr\/site\/consultations\/\" \/>\n<meta property=\"og:locale\" content=\"fr_FR\" \/>\n<meta property=\"og:type\" content=\"article\" \/>\n<meta property=\"og:title\" content=\"Les consultations - CAMUS 67\" \/>\n<meta property=\"og:description\" content=\"La demande de consultation La demande de consultation La d\u00e9marche de consultation est subjective et confidentielle. Toute demande est l\u00e9gitime pour \u00eatre entendu.e et \u00e9cout\u00e9.e. Vous pouvez m\u00eame venir parler d&rsquo;un proche pour lequel vous vous inqui\u00e9tez. Du moment qu&rsquo;un&hellip; Continuer la lecture &rarr;\" \/>\n<meta property=\"og:url\" content=\"http:\/\/www.camus67.fr\/site\/consultations\/\" \/>\n<meta property=\"og:site_name\" content=\"CAMUS 67\" \/>\n<meta property=\"article:modified_time\" content=\"2024-07-01T12:01:57+00:00\" \/>\n<meta name=\"twitter:card\" content=\"summary_large_image\" \/>\n<meta name=\"twitter:label1\" content=\"Dur\u00e9e de lecture estim\u00e9e\" \/>\n\t<meta name=\"twitter:data1\" content=\"2 minutes\" \/>\n<script type=\"application\/ld+json\" class=\"yoast-schema-graph\">{\"@context\":\"https:\/\/schema.org\",\"@graph\":[{\"@type\":\"WebPage\",\"@id\":\"http:\/\/www.camus67.fr\/site\/consultations\/\",\"url\":\"http:\/\/www.camus67.fr\/site\/consultations\/\",\"name\":\"Les consultations - CAMUS 67\",\"isPartOf\":{\"@id\":\"http:\/\/www.camus67.fr\/site\/#website\"},\"datePublished\":\"2016-10-15T18:34:16+00:00\",\"dateModified\":\"2024-07-01T12:01:57+00:00\",\"breadcrumb\":{\"@id\":\"http:\/\/www.camus67.fr\/site\/consultations\/#breadcrumb\"},\"inLanguage\":\"fr-FR\",\"potentialAction\":[{\"@type\":\"ReadAction\",\"target\":[\"http:\/\/www.camus67.fr\/site\/consultations\/\"]}]},{\"@type\":\"BreadcrumbList\",\"@id\":\"http:\/\/www.camus67.fr\/site\/consultations\/#breadcrumb\",\"itemListElement\":[{\"@type\":\"ListItem\",\"position\":1,\"name\":\"Accueil\",\"item\":\"http:\/\/www.camus67.fr\/site\/\"},{\"@type\":\"ListItem\",\"position\":2,\"name\":\"Les consultations\"}]},{\"@type\":\"WebSite\",\"@id\":\"http:\/\/www.camus67.fr\/site\/#website\",\"url\":\"http:\/\/www.camus67.fr\/site\/\",\"name\":\"CAMUS 67\",\"description\":\"Centre d&#039;Accueil M\u00e9dico-psychologique Universitaire de Strasbourg\",\"potentialAction\":[{\"@type\":\"SearchAction\",\"target\":{\"@type\":\"EntryPoint\",\"urlTemplate\":\"http:\/\/www.camus67.fr\/site\/?s={search_term_string}\"},\"query-input\":{\"@type\":\"PropertyValueSpecification\",\"valueRequired\":true,\"valueName\":\"search_term_string\"}}],\"inLanguage\":\"fr-FR\"}]}<\/script>\n<!-- \/ Yoast SEO plugin. -->","yoast_head_json":{"title":"Les consultations - CAMUS 67","robots":{"index":"index","follow":"follow","max-snippet":"max-snippet:-1","max-image-preview":"max-image-preview:large","max-video-preview":"max-video-preview:-1"},"canonical":"http:\/\/www.camus67.fr\/site\/consultations\/","og_locale":"fr_FR","og_type":"article","og_title":"Les consultations - CAMUS 67","og_description":"La demande de consultation La demande de consultation La d\u00e9marche de consultation est subjective et confidentielle. Toute demande est l\u00e9gitime pour \u00eatre entendu.e et \u00e9cout\u00e9.e. Vous pouvez m\u00eame venir parler d&rsquo;un proche pour lequel vous vous inqui\u00e9tez. Du moment qu&rsquo;un&hellip; Continuer la lecture &rarr;","og_url":"http:\/\/www.camus67.fr\/site\/consultations\/","og_site_name":"CAMUS 67","article_modified_time":"2024-07-01T12:01:57+00:00","twitter_card":"summary_large_image","twitter_misc":{"Dur\u00e9e de lecture estim\u00e9e":"2 minutes"},"schema":{"@context":"https:\/\/schema.org","@graph":[{"@type":"WebPage","@id":"http:\/\/www.camus67.fr\/site\/consultations\/","url":"http:\/\/www.camus67.fr\/site\/consultations\/","name":"Les consultations - CAMUS 67","isPartOf":{"@id":"http:\/\/www.camus67.fr\/site\/#website"},"datePublished":"2016-10-15T18:34:16+00:00","dateModified":"2024-07-01T12:01:57+00:00","breadcrumb":{"@id":"http:\/\/www.camus67.fr\/site\/consultations\/#breadcrumb"},"inLanguage":"fr-FR","potentialAction":[{"@type":"ReadAction","target":["http:\/\/www.camus67.fr\/site\/consultations\/"]}]},{"@type":"BreadcrumbList","@id":"http:\/\/www.camus67.fr\/site\/consultations\/#breadcrumb","itemListElement":[{"@type":"ListItem","position":1,"name":"Accueil","item":"http:\/\/www.camus67.fr\/site\/"},{"@type":"ListItem","position":2,"name":"Les consultations"}]},{"@type":"WebSite","@id":"http:\/\/www.camus67.fr\/site\/#website","url":"http:\/\/www.camus67.fr\/site\/","name":"CAMUS 67","description":"Centre d&#039;Accueil M\u00e9dico-psychologique Universitaire de Strasbourg","potentialAction":[{"@type":"SearchAction","target":{"@type":"EntryPoint","urlTemplate":"http:\/\/www.camus67.fr\/site\/?s={search_term_string}"},"query-input":{"@type":"PropertyValueSpecification","valueRequired":true,"valueName":"search_term_string"}}],"inLanguage":"fr-FR"}]}},"_links":{"self":[{"href":"http:\/\/www.camus67.fr\/site\/wp-json\/wp\/v2\/pages\/58","targetHints":{"allow":["GET"]}}],"collection":[{"href":"http:\/\/www.camus67.fr\/site\/wp-json\/wp\/v2\/pages"}],"about":[{"href":"http:\/\/www.camus67.fr\/site\/wp-json\/wp\/v2\/types\/page"}],"author":[{"embeddable":true,"href":"http:\/\/www.camus67.fr\/site\/wp-json\/wp\/v2\/users\/1"}],"replies":[{"embeddable":true,"href":"http:\/\/www.camus67.fr\/site\/wp-json\/wp\/v2\/comments?post=58"}],"version-history":[{"count":17,"href":"http:\/\/www.camus67.fr\/site\/wp-json\/wp\/v2\/pages\/58\/revisions"}],"predecessor-version":[{"id":682,"href":"http:\/\/www.camus67.fr\/site\/wp-json\/wp\/v2\/pages\/58\/revisions\/682"}],"wp:attachment":[{"href":"http:\/\/www.camus67.fr\/site\/wp-json\/wp\/v2\/media?parent=58"}],"curies":[{"name":"wp","href":"https:\/\/api.w.org\/{rel}","templated":true}]}}