{"id":77,"date":"2016-10-24T19:40:03","date_gmt":"2016-10-24T17:40:03","guid":{"rendered":"http:\/\/www.camus67.fr\/site\/?page_id=77"},"modified":"2022-08-18T16:09:35","modified_gmt":"2022-08-18T14:09:35","slug":"pour-quoi","status":"publish","type":"page","link":"http:\/\/www.camus67.fr\/site\/pour-quoi\/","title":{"rendered":"Les lieux de consultation"},"content":{"rendered":"<p><strong><span style=\"text-decoration: underline;\">L&rsquo;\u00e9quipe du CAMUS consulte sur 3 antennes diff\u00e9rentes:<\/span><\/strong><\/p>\n<p style=\"text-align: justify;\"><strong>1) <a href=\"https:\/\/www.google.com\/maps\/place\/Centre+d'accueil+m%C3%A9dico-psychologique+universitaire+de+Strasbourg\/@48.5767771,7.7642692,15z\/data=!4m5!3m4!1s0x0:0x9ccabc33232f668c!8m2!3d48.5767734!4d7.7643118\"><span style=\"color: #378bcc;\">Antenne Esplanade<\/span><\/a><\/strong>: au sein des locaux du Service de Sant\u00e9 Universitaire situ\u00e9s au <strong><span style=\"color: #000000;\">6 rue de Palerme \u00e0 Strasbourg.<\/span><\/strong><\/p>\n<p style=\"text-align: justify;\"><span style=\"text-decoration: underline;\">Venir en transport en commun:<\/span> TRAM Ligne C &#8211; arr\u00eat \u00ab\u00a0Esplanade\u00a0\u00bb<\/p>\n<p style=\"text-align: justify;\">BUS Lignes 30 et 15 &#8211; arr\u00eat \u00ab\u00a0Palerme\u00a0\u00bb<\/p>\n<p style=\"text-align: justify;\"><strong>2) <span style=\"color: #378bcc;\"><a style=\"color: #378bcc;\" href=\"https:\/\/www.google.com\/search?client=firefox-b-d&amp;q=11+rue+Humann\">Antenne Petite France<\/a><\/span><\/strong><span style=\"color: #378bcc;\">:<\/span> au 4\u00e8me \u00e9tage du b\u00e2timent 3 \u00ab\u00a0Institut M\u00e9dico-l\u00e9gal\u00a0\u00bb &#8211; situ\u00e9 au <strong>11 rue Humann \u00e0 Strasbourg.<br \/>\n<\/strong><\/p>\n<p style=\"text-align: justify;\"><span style=\"text-decoration: underline;\">Venir en transport en commun<\/span>: TRAM Ligne A\/E &#8211; arr\u00eat \u00ab\u00a0Porte de l&rsquo;h\u00f4pital\u00a0\u00bb \u00e0 6 min de marche via l&rsquo;h\u00f4pital civil.<\/p>\n<p style=\"text-align: justify;\">BUS Ligne 1 arr\u00eat \u00ab\u00a0Lyc\u00e9e Louis Pasteur\u00a0\u00bb, Ligne 10 \u00ab\u00a0H\u00f4tel du D\u00e9partement\u00a0\u00bb<\/p>\n<p style=\"text-align: justify;\"><strong>3)<\/strong> <span style=\"color: #378bcc;\"><a style=\"color: #378bcc;\" href=\"https:\/\/iutrs.unistra.fr\/campus\/informations-pratiques\/transport#c29896\"><strong>Antenne Illkirch<\/strong><\/a><\/span>: au 1er \u00e9tage d&rsquo;un pavillon de l&rsquo;I.U.T Robert Schumann abritant \u00e9galement le SSU et le SST &#8211; situ\u00e9s au <strong>72 Route du Rhin \u00e0 Illkirch.<br \/>\n<\/strong><\/p>\n<p style=\"text-align: justify;\"><span style=\"text-decoration: underline;\">Venir en transport en commun<\/span>: TRAM Ligne A\/E arr\u00eat \u00ab\u00a0Campus d&rsquo;Illkirch\u00a0\u00bb<\/p>\n<p style=\"text-align: justify;\">BUS Ligne 63 arr\u00eat \u00ab\u00a0Campus d&rsquo;Illkirch\u00a0\u00bb<\/p>\n","protected":false},"excerpt":{"rendered":"<p>L&rsquo;\u00e9quipe du CAMUS consulte sur 3 antennes diff\u00e9rentes: 1) Antenne Esplanade: au sein des locaux du Service de Sant\u00e9 Universitaire situ\u00e9s au 6 rue de Palerme \u00e0 Strasbourg. Venir en transport en commun: TRAM Ligne C &#8211; arr\u00eat \u00ab\u00a0Esplanade\u00a0\u00bb BUS&hellip; <a href=\"http:\/\/www.camus67.fr\/site\/pour-quoi\/\" class=\"more-link\">Continuer la lecture <span class=\"meta-nav\">&rarr;<\/span><\/a><\/p>\n","protected":false},"author":1,"featured_media":0,"parent":0,"menu_order":0,"comment_status":"closed","ping_status":"closed","template":"","meta":{"footnotes":""},"class_list":["post-77","page","type-page","status-publish","hentry"],"yoast_head":"<!-- This site is optimized with the Yoast SEO plugin v26.1.1 - https:\/\/yoast.com\/wordpress\/plugins\/seo\/ -->\n<title>Les lieux de consultation - CAMUS 67<\/title>\n<meta name=\"robots\" content=\"index, follow, max-snippet:-1, max-image-preview:large, max-video-preview:-1\" \/>\n<link rel=\"canonical\" href=\"http:\/\/www.camus67.fr\/site\/pour-quoi\/\" \/>\n<meta property=\"og:locale\" content=\"fr_FR\" \/>\n<meta property=\"og:type\" content=\"article\" \/>\n<meta property=\"og:title\" content=\"Les lieux de consultation - CAMUS 67\" \/>\n<meta property=\"og:description\" content=\"L&rsquo;\u00e9quipe du CAMUS consulte sur 3 antennes diff\u00e9rentes: 1) Antenne Esplanade: au sein des locaux du Service de Sant\u00e9 Universitaire situ\u00e9s au 6 rue de Palerme \u00e0 Strasbourg. Venir en transport en commun: TRAM Ligne C &#8211; arr\u00eat \u00ab\u00a0Esplanade\u00a0\u00bb BUS&hellip; Continuer la lecture &rarr;\" \/>\n<meta property=\"og:url\" content=\"http:\/\/www.camus67.fr\/site\/pour-quoi\/\" \/>\n<meta property=\"og:site_name\" content=\"CAMUS 67\" \/>\n<meta property=\"article:modified_time\" content=\"2022-08-18T14:09:35+00:00\" \/>\n<meta name=\"twitter:card\" content=\"summary_large_image\" \/>\n<meta name=\"twitter:label1\" content=\"Dur\u00e9e de lecture estim\u00e9e\" \/>\n\t<meta name=\"twitter:data1\" content=\"1 minute\" \/>\n<script type=\"application\/ld+json\" class=\"yoast-schema-graph\">{\"@context\":\"https:\/\/schema.org\",\"@graph\":[{\"@type\":\"WebPage\",\"@id\":\"http:\/\/www.camus67.fr\/site\/pour-quoi\/\",\"url\":\"http:\/\/www.camus67.fr\/site\/pour-quoi\/\",\"name\":\"Les lieux de consultation - CAMUS 67\",\"isPartOf\":{\"@id\":\"http:\/\/www.camus67.fr\/site\/#website\"},\"datePublished\":\"2016-10-24T17:40:03+00:00\",\"dateModified\":\"2022-08-18T14:09:35+00:00\",\"breadcrumb\":{\"@id\":\"http:\/\/www.camus67.fr\/site\/pour-quoi\/#breadcrumb\"},\"inLanguage\":\"fr-FR\",\"potentialAction\":[{\"@type\":\"ReadAction\",\"target\":[\"http:\/\/www.camus67.fr\/site\/pour-quoi\/\"]}]},{\"@type\":\"BreadcrumbList\",\"@id\":\"http:\/\/www.camus67.fr\/site\/pour-quoi\/#breadcrumb\",\"itemListElement\":[{\"@type\":\"ListItem\",\"position\":1,\"name\":\"Accueil\",\"item\":\"http:\/\/www.camus67.fr\/site\/\"},{\"@type\":\"ListItem\",\"position\":2,\"name\":\"Les lieux de consultation\"}]},{\"@type\":\"WebSite\",\"@id\":\"http:\/\/www.camus67.fr\/site\/#website\",\"url\":\"http:\/\/www.camus67.fr\/site\/\",\"name\":\"CAMUS 67\",\"description\":\"Centre d&#039;Accueil M\u00e9dico-psychologique Universitaire de Strasbourg\",\"potentialAction\":[{\"@type\":\"SearchAction\",\"target\":{\"@type\":\"EntryPoint\",\"urlTemplate\":\"http:\/\/www.camus67.fr\/site\/?s={search_term_string}\"},\"query-input\":{\"@type\":\"PropertyValueSpecification\",\"valueRequired\":true,\"valueName\":\"search_term_string\"}}],\"inLanguage\":\"fr-FR\"}]}<\/script>\n<!-- \/ Yoast SEO plugin. -->","yoast_head_json":{"title":"Les lieux de consultation - CAMUS 67","robots":{"index":"index","follow":"follow","max-snippet":"max-snippet:-1","max-image-preview":"max-image-preview:large","max-video-preview":"max-video-preview:-1"},"canonical":"http:\/\/www.camus67.fr\/site\/pour-quoi\/","og_locale":"fr_FR","og_type":"article","og_title":"Les lieux de consultation - CAMUS 67","og_description":"L&rsquo;\u00e9quipe du CAMUS consulte sur 3 antennes diff\u00e9rentes: 1) Antenne Esplanade: au sein des locaux du Service de Sant\u00e9 Universitaire situ\u00e9s au 6 rue de Palerme \u00e0 Strasbourg. Venir en transport en commun: TRAM Ligne C &#8211; arr\u00eat \u00ab\u00a0Esplanade\u00a0\u00bb BUS&hellip; Continuer la lecture &rarr;","og_url":"http:\/\/www.camus67.fr\/site\/pour-quoi\/","og_site_name":"CAMUS 67","article_modified_time":"2022-08-18T14:09:35+00:00","twitter_card":"summary_large_image","twitter_misc":{"Dur\u00e9e de lecture estim\u00e9e":"1 minute"},"schema":{"@context":"https:\/\/schema.org","@graph":[{"@type":"WebPage","@id":"http:\/\/www.camus67.fr\/site\/pour-quoi\/","url":"http:\/\/www.camus67.fr\/site\/pour-quoi\/","name":"Les lieux de consultation - CAMUS 67","isPartOf":{"@id":"http:\/\/www.camus67.fr\/site\/#website"},"datePublished":"2016-10-24T17:40:03+00:00","dateModified":"2022-08-18T14:09:35+00:00","breadcrumb":{"@id":"http:\/\/www.camus67.fr\/site\/pour-quoi\/#breadcrumb"},"inLanguage":"fr-FR","potentialAction":[{"@type":"ReadAction","target":["http:\/\/www.camus67.fr\/site\/pour-quoi\/"]}]},{"@type":"BreadcrumbList","@id":"http:\/\/www.camus67.fr\/site\/pour-quoi\/#breadcrumb","itemListElement":[{"@type":"ListItem","position":1,"name":"Accueil","item":"http:\/\/www.camus67.fr\/site\/"},{"@type":"ListItem","position":2,"name":"Les lieux de consultation"}]},{"@type":"WebSite","@id":"http:\/\/www.camus67.fr\/site\/#website","url":"http:\/\/www.camus67.fr\/site\/","name":"CAMUS 67","description":"Centre d&#039;Accueil M\u00e9dico-psychologique Universitaire de Strasbourg","potentialAction":[{"@type":"SearchAction","target":{"@type":"EntryPoint","urlTemplate":"http:\/\/www.camus67.fr\/site\/?s={search_term_string}"},"query-input":{"@type":"PropertyValueSpecification","valueRequired":true,"valueName":"search_term_string"}}],"inLanguage":"fr-FR"}]}},"_links":{"self":[{"href":"http:\/\/www.camus67.fr\/site\/wp-json\/wp\/v2\/pages\/77","targetHints":{"allow":["GET"]}}],"collection":[{"href":"http:\/\/www.camus67.fr\/site\/wp-json\/wp\/v2\/pages"}],"about":[{"href":"http:\/\/www.camus67.fr\/site\/wp-json\/wp\/v2\/types\/page"}],"author":[{"embeddable":true,"href":"http:\/\/www.camus67.fr\/site\/wp-json\/wp\/v2\/users\/1"}],"replies":[{"embeddable":true,"href":"http:\/\/www.camus67.fr\/site\/wp-json\/wp\/v2\/comments?post=77"}],"version-history":[{"count":14,"href":"http:\/\/www.camus67.fr\/site\/wp-json\/wp\/v2\/pages\/77\/revisions"}],"predecessor-version":[{"id":644,"href":"http:\/\/www.camus67.fr\/site\/wp-json\/wp\/v2\/pages\/77\/revisions\/644"}],"wp:attachment":[{"href":"http:\/\/www.camus67.fr\/site\/wp-json\/wp\/v2\/media?parent=77"}],"curies":[{"name":"wp","href":"https:\/\/api.w.org\/{rel}","templated":true}]}}