{"id":79,"date":"2016-10-24T19:41:02","date_gmt":"2016-10-24T17:41:02","guid":{"rendered":"http:\/\/www.camus67.fr\/site\/?page_id=79"},"modified":"2026-04-13T13:22:32","modified_gmt":"2026-04-13T11:22:32","slug":"pour-qui","status":"publish","type":"page","link":"http:\/\/www.camus67.fr\/site\/pour-qui\/","title":{"rendered":"L&rsquo;\u00e9quipe du CAMUS"},"content":{"rendered":"<p><u>La direction m\u00e9dicale<\/u> :<u><br \/>\n<\/u><\/p>\n<ul>\n<li>Assur\u00e9e par le<strong> Dr Jean-Baptiste CAUSIN\u00a0<\/strong><strong><br \/>\n<\/strong><\/li>\n<\/ul>\n<p><u>L&rsquo;administration<\/u> :<\/p>\n<ul>\n<li><strong>Mme Aline PETIT<\/strong>, Directrice administrative de la Clinique de Vitry-le-Fran\u00e7ois et du CAMUS<\/li>\n<li><strong>Dr Yannick SCHMITT, <\/strong>Coordination du lien entre le CAMUS et l&rsquo;Universit\u00e9 de Strasbourg, Directeur du SSE<\/li>\n<li><strong>Mme Djedjiga KHECHENI, <\/strong>Gestionnaire administrative<strong><br \/>\n<\/strong><\/li>\n<\/ul>\n<p><u>Les psychoth\u00e9rapeutes<\/u> :<\/p>\n<ul>\n<li><span style=\"text-decoration: underline;\">Des m\u00e9decins psychiatres<\/span>:<\/li>\n<\/ul>\n<p><strong>Dr Jean-Baptiste CAUSIN\u00a0<\/strong><\/p>\n<ul>\n<li><strong>Lundi<\/strong> : 11 rue Humann, B\u00e2timent 3, 4\u1d49 \u00e9tage, salle 418, 67000 Strasbourg<\/li>\n<li><strong>Vendredi<\/strong> : 6 rue de Palerme, 67000 Strasbourg<\/li>\n<\/ul>\n<p><strong>Dr Marion DELIGNON<\/strong><\/p>\n<ul>\n<li><strong>Mercredi<\/strong> : 6 rue de Palerme, 67000 Strasbourg<\/li>\n<\/ul>\n<p><strong>Dr Charlotte GARDON<\/strong><\/p>\n<ul>\n<li><strong>Mercredi<\/strong> : 6 rue de Palerme, 67000 Strasbourg<\/li>\n<\/ul>\n<p><strong>Dr Emmanuel ROLET\u00a0<\/strong><\/p>\n<ul>\n<li><strong>Lundi <\/strong>: 6 rue de Palerme, 67000 Strasbourg<\/li>\n<\/ul>\n<p><strong>Dr Lucile ZILETTI\u00a0<\/strong><strong><br \/>\n<\/strong><\/p>\n<ul>\n<li><strong>Mardi\u00a0<\/strong>: 6 rue de Palerme, 67000 Strasbourg<\/li>\n<li><span style=\"text-decoration: underline;\">Des psychologues<\/span>:<\/li>\n<\/ul>\n<p><strong>M. Fr\u00e9d\u00e9ric MARTIN-BORRELLY<\/strong><\/p>\n<ul>\n<li><strong>Tous les jours <\/strong>: 11 rue Humann, B\u00e2timent 3, 4\u1d49 \u00e9tage, salle 418, 67000 Strasbourg<\/li>\n<\/ul>\n<p><strong>Mme Martine DOBLE\u00a0<\/strong><\/p>\n<ul>\n<li><strong>Mardi <\/strong>: 72\u00a0route\u00a0du Rhin, 67400 Illkirch<\/li>\n<li><strong>Jeudi <\/strong>: 6 rue de Palerme, 67000 Strasbourg<\/li>\n<\/ul>\n<p><strong>Mme Pauline FALLECKER\u00a0<\/strong><\/p>\n<ul>\n<li><strong>Lundi et mercredi <\/strong>: 6 rue de Palerme, 67000 Strasbourg<\/li>\n<li><strong>Mardi <\/strong>:11 rue Humann, B\u00e2timent 3, 4\u1d49 \u00e9tage, salle 418, 67000 Strasbourg<\/li>\n<\/ul>\n<p><strong>Mme Victoria GUITON <\/strong><\/p>\n<ul>\n<li><strong>Lundi et Mardi <\/strong>:11 rue Humann, B\u00e2timent 3, 4\u1d49 \u00e9tage, salle 418, 67000 Strasbourg<\/li>\n<li><strong>Mercredi et jeudi <\/strong>: 6 rue de Palerme, 67000 Strasbourg<\/li>\n<\/ul>\n<p><strong>Mme Laura KNITTEL<\/strong><\/p>\n<ul>\n<li><strong>Lundi <\/strong>: 6 rue de Palerme, 67000 Strasbourg<\/li>\n<li><strong>Mercredi et jeudi <\/strong>:11 rue Humann, B\u00e2timent 3, 4\u1d49 \u00e9tage,salle 418, 67000 Strasbourg<\/li>\n<\/ul>\n<p><strong>Mme Laura LEININGER <\/strong><\/p>\n<ul>\n<li><strong>Lundi et mercredi <\/strong>: 72\u00a0route\u00a0du Rhin, 67400 Illkirch Graffenstaden<\/li>\n<li><strong>Mardi\u00a0<\/strong>: 6 rue de Palerme, 67000 Strasbourg<\/li>\n<\/ul>\n<p><strong>Mme Marlyse REGAL <\/strong><\/p>\n<ul>\n<li><strong>Lundi et mardi <\/strong>: 72\u00a0route\u00a0du Rhin, 67400 Illkirch<\/li>\n<\/ul>\n<p><strong>Mme Val\u00e9rie SCARBOLO <\/strong><\/p>\n<ul>\n<li><strong>Jeudi et vendredi <\/strong>: 6 rue de Palerme, 67000 Strasbourg<\/li>\n<\/ul>\n<p><strong>Mme Evelyne SCHMITT <\/strong><\/p>\n<ul>\n<li><strong>Mardi et mercredi <\/strong>: 6 rue de Palerme, 67000 Strasbourg<\/li>\n<\/ul>\n<p><strong>Mme Carolina SPYER<\/strong><\/p>\n<ul>\n<li><strong>Mercredi et jeudi <\/strong>:11 rue Humann, B\u00e2timent 3, 4\u1d49 \u00e9tage,salle 418, 67000 Strasbourg<\/li>\n<li><strong>Vendredi <\/strong>: 6 rue de Palerme, 67000 Strasbourg<\/li>\n<\/ul>\n<p><strong>M. Gu\u00e9na\u00ebl VISENTINI\u00a0<\/strong><strong><br \/>\n<\/strong><\/p>\n<ul>\n<li><strong>Jeudi <\/strong>: 6 rue de Palerme, 67000 Strasbourg<\/li>\n<\/ul>\n<p><strong>M. Mark ZAIDELSON\u00a0<\/strong><\/p>\n<ul>\n<li><strong>Mardi et vendredi <\/strong>:11 rue Humann, B\u00e2timent 3, 4\u1d49 \u00e9tage, salle\u00a0418, 67000 Strasbourg<\/li>\n<li><strong>Mercredi\u00a0<\/strong>: 6 rue de Palerme, 67000 Strasbourg<\/li>\n<\/ul>\n<p><strong>Mme Hanna ZAPICO\u00a0<\/strong><\/p>\n<ul>\n<li><strong>Lundi et vendredi <\/strong>:11 rue Humann, B\u00e2timent 3, 4\u1d49 \u00e9tage, salle 418, 67000 Strasbourg<\/li>\n<li><strong>Mardi et mercredi :<\/strong> 6 rue de Palerme, 67000 Strasbourg<\/li>\n<\/ul>\n<ul>\n<li><span style=\"text-decoration: underline;\">Des di\u00e9t\u00e9ticiennes :<\/span><\/li>\n<\/ul>\n<p><strong>Mme Isabelle KIEFFER <\/strong><\/p>\n<ul>\n<li><strong>Mercredi :<\/strong> 6 rue de Palerme, 67000 Strasbourg<\/li>\n<\/ul>\n<p><strong>Mme Maryline GUSCHING <\/strong><\/p>\n<ul>\n<li><strong>Jeudi :<\/strong> 6 rue de Palerme, 67000 Strasbourg<\/li>\n<li><u>Des assistantes sociales du CROUS<\/u>:<\/li>\n<\/ul>\n<p><strong>Mme Joanna DYDUCH <\/strong><strong><br \/>\n<\/strong><\/p>\n<p><strong>Mme Genevi\u00e8ve ESPINASSE\u00a0<\/strong><\/p>\n<ul>\n<li><strong>Mardi :<\/strong> 6 rue de Palerme, 67000 Strasbourg<\/li>\n<\/ul>\n<p>&nbsp;<\/p>\n","protected":false},"excerpt":{"rendered":"<p>La direction m\u00e9dicale : Assur\u00e9e par le Dr Jean-Baptiste CAUSIN\u00a0 L&rsquo;administration : Mme Aline PETIT, Directrice administrative de la Clinique de Vitry-le-Fran\u00e7ois et du CAMUS Dr Yannick SCHMITT, Coordination du lien entre le CAMUS et l&rsquo;Universit\u00e9 de Strasbourg, Directeur du&hellip; <a href=\"http:\/\/www.camus67.fr\/site\/pour-qui\/\" class=\"more-link\">Continuer la lecture <span class=\"meta-nav\">&rarr;<\/span><\/a><\/p>\n","protected":false},"author":1,"featured_media":0,"parent":0,"menu_order":0,"comment_status":"closed","ping_status":"closed","template":"","meta":{"footnotes":""},"class_list":["post-79","page","type-page","status-publish","hentry"],"yoast_head":"<!-- This site is optimized with the Yoast SEO plugin v26.1.1 - https:\/\/yoast.com\/wordpress\/plugins\/seo\/ -->\n<title>L&#039;\u00e9quipe du CAMUS - CAMUS 67<\/title>\n<meta name=\"robots\" content=\"index, follow, max-snippet:-1, max-image-preview:large, max-video-preview:-1\" \/>\n<link rel=\"canonical\" href=\"http:\/\/www.camus67.fr\/site\/pour-qui\/\" \/>\n<meta property=\"og:locale\" content=\"fr_FR\" \/>\n<meta property=\"og:type\" content=\"article\" \/>\n<meta property=\"og:title\" content=\"L&#039;\u00e9quipe du CAMUS - CAMUS 67\" \/>\n<meta property=\"og:description\" content=\"La direction m\u00e9dicale : Assur\u00e9e par le Dr Jean-Baptiste CAUSIN\u00a0 L&rsquo;administration : Mme Aline PETIT, Directrice administrative de la Clinique de Vitry-le-Fran\u00e7ois et du CAMUS Dr Yannick SCHMITT, Coordination du lien entre le CAMUS et l&rsquo;Universit\u00e9 de Strasbourg, Directeur du&hellip; Continuer la lecture &rarr;\" \/>\n<meta property=\"og:url\" content=\"http:\/\/www.camus67.fr\/site\/pour-qui\/\" \/>\n<meta property=\"og:site_name\" content=\"CAMUS 67\" \/>\n<meta property=\"article:modified_time\" content=\"2026-04-13T11:22:32+00:00\" \/>\n<meta name=\"twitter:card\" content=\"summary_large_image\" \/>\n<meta name=\"twitter:label1\" content=\"Dur\u00e9e de lecture estim\u00e9e\" \/>\n\t<meta name=\"twitter:data1\" content=\"3 minutes\" \/>\n<script type=\"application\/ld+json\" class=\"yoast-schema-graph\">{\"@context\":\"https:\/\/schema.org\",\"@graph\":[{\"@type\":\"WebPage\",\"@id\":\"http:\/\/www.camus67.fr\/site\/pour-qui\/\",\"url\":\"http:\/\/www.camus67.fr\/site\/pour-qui\/\",\"name\":\"L'\u00e9quipe du CAMUS - CAMUS 67\",\"isPartOf\":{\"@id\":\"http:\/\/www.camus67.fr\/site\/#website\"},\"datePublished\":\"2016-10-24T17:41:02+00:00\",\"dateModified\":\"2026-04-13T11:22:32+00:00\",\"breadcrumb\":{\"@id\":\"http:\/\/www.camus67.fr\/site\/pour-qui\/#breadcrumb\"},\"inLanguage\":\"fr-FR\",\"potentialAction\":[{\"@type\":\"ReadAction\",\"target\":[\"http:\/\/www.camus67.fr\/site\/pour-qui\/\"]}]},{\"@type\":\"BreadcrumbList\",\"@id\":\"http:\/\/www.camus67.fr\/site\/pour-qui\/#breadcrumb\",\"itemListElement\":[{\"@type\":\"ListItem\",\"position\":1,\"name\":\"Accueil\",\"item\":\"http:\/\/www.camus67.fr\/site\/\"},{\"@type\":\"ListItem\",\"position\":2,\"name\":\"L&rsquo;\u00e9quipe du CAMUS\"}]},{\"@type\":\"WebSite\",\"@id\":\"http:\/\/www.camus67.fr\/site\/#website\",\"url\":\"http:\/\/www.camus67.fr\/site\/\",\"name\":\"CAMUS 67\",\"description\":\"Centre d&#039;Accueil M\u00e9dico-psychologique Universitaire de Strasbourg\",\"potentialAction\":[{\"@type\":\"SearchAction\",\"target\":{\"@type\":\"EntryPoint\",\"urlTemplate\":\"http:\/\/www.camus67.fr\/site\/?s={search_term_string}\"},\"query-input\":{\"@type\":\"PropertyValueSpecification\",\"valueRequired\":true,\"valueName\":\"search_term_string\"}}],\"inLanguage\":\"fr-FR\"}]}<\/script>\n<!-- \/ Yoast SEO plugin. -->","yoast_head_json":{"title":"L'\u00e9quipe du CAMUS - CAMUS 67","robots":{"index":"index","follow":"follow","max-snippet":"max-snippet:-1","max-image-preview":"max-image-preview:large","max-video-preview":"max-video-preview:-1"},"canonical":"http:\/\/www.camus67.fr\/site\/pour-qui\/","og_locale":"fr_FR","og_type":"article","og_title":"L'\u00e9quipe du CAMUS - CAMUS 67","og_description":"La direction m\u00e9dicale : Assur\u00e9e par le Dr Jean-Baptiste CAUSIN\u00a0 L&rsquo;administration : Mme Aline PETIT, Directrice administrative de la Clinique de Vitry-le-Fran\u00e7ois et du CAMUS Dr Yannick SCHMITT, Coordination du lien entre le CAMUS et l&rsquo;Universit\u00e9 de Strasbourg, Directeur du&hellip; Continuer la lecture &rarr;","og_url":"http:\/\/www.camus67.fr\/site\/pour-qui\/","og_site_name":"CAMUS 67","article_modified_time":"2026-04-13T11:22:32+00:00","twitter_card":"summary_large_image","twitter_misc":{"Dur\u00e9e de lecture estim\u00e9e":"3 minutes"},"schema":{"@context":"https:\/\/schema.org","@graph":[{"@type":"WebPage","@id":"http:\/\/www.camus67.fr\/site\/pour-qui\/","url":"http:\/\/www.camus67.fr\/site\/pour-qui\/","name":"L'\u00e9quipe du CAMUS - CAMUS 67","isPartOf":{"@id":"http:\/\/www.camus67.fr\/site\/#website"},"datePublished":"2016-10-24T17:41:02+00:00","dateModified":"2026-04-13T11:22:32+00:00","breadcrumb":{"@id":"http:\/\/www.camus67.fr\/site\/pour-qui\/#breadcrumb"},"inLanguage":"fr-FR","potentialAction":[{"@type":"ReadAction","target":["http:\/\/www.camus67.fr\/site\/pour-qui\/"]}]},{"@type":"BreadcrumbList","@id":"http:\/\/www.camus67.fr\/site\/pour-qui\/#breadcrumb","itemListElement":[{"@type":"ListItem","position":1,"name":"Accueil","item":"http:\/\/www.camus67.fr\/site\/"},{"@type":"ListItem","position":2,"name":"L&rsquo;\u00e9quipe du CAMUS"}]},{"@type":"WebSite","@id":"http:\/\/www.camus67.fr\/site\/#website","url":"http:\/\/www.camus67.fr\/site\/","name":"CAMUS 67","description":"Centre d&#039;Accueil M\u00e9dico-psychologique Universitaire de Strasbourg","potentialAction":[{"@type":"SearchAction","target":{"@type":"EntryPoint","urlTemplate":"http:\/\/www.camus67.fr\/site\/?s={search_term_string}"},"query-input":{"@type":"PropertyValueSpecification","valueRequired":true,"valueName":"search_term_string"}}],"inLanguage":"fr-FR"}]}},"_links":{"self":[{"href":"http:\/\/www.camus67.fr\/site\/wp-json\/wp\/v2\/pages\/79","targetHints":{"allow":["GET"]}}],"collection":[{"href":"http:\/\/www.camus67.fr\/site\/wp-json\/wp\/v2\/pages"}],"about":[{"href":"http:\/\/www.camus67.fr\/site\/wp-json\/wp\/v2\/types\/page"}],"author":[{"embeddable":true,"href":"http:\/\/www.camus67.fr\/site\/wp-json\/wp\/v2\/users\/1"}],"replies":[{"embeddable":true,"href":"http:\/\/www.camus67.fr\/site\/wp-json\/wp\/v2\/comments?post=79"}],"version-history":[{"count":44,"href":"http:\/\/www.camus67.fr\/site\/wp-json\/wp\/v2\/pages\/79\/revisions"}],"predecessor-version":[{"id":745,"href":"http:\/\/www.camus67.fr\/site\/wp-json\/wp\/v2\/pages\/79\/revisions\/745"}],"wp:attachment":[{"href":"http:\/\/www.camus67.fr\/site\/wp-json\/wp\/v2\/media?parent=79"}],"curies":[{"name":"wp","href":"https:\/\/api.w.org\/{rel}","templated":true}]}}