{"id":86,"date":"2016-10-24T19:48:32","date_gmt":"2016-10-24T17:48:32","guid":{"rendered":"http:\/\/www.camus67.fr\/site\/?page_id=86"},"modified":"2026-03-24T16:08:48","modified_gmt":"2026-03-24T15:08:48","slug":"devenir-etudiant-relais","status":"publish","type":"page","link":"http:\/\/www.camus67.fr\/site\/devenir-etudiant-relais\/","title":{"rendered":"Devenir Etudiant Relais"},"content":{"rendered":"<p style=\"text-align: center;\">Vous souhaitez devenir \u00e9tudiant relais ? Candidatez !<\/p>\n<h3><span style=\"text-decoration: underline;\"><strong>RESCUE (R\u00e9seau Etudiant Sant\u00e9 Campus Universitaire de l\u2019Esplanade)<\/strong><\/span><\/h3>\n<p style=\"padding-left: 30px;\"><strong><u>Votre mission<\/u>\u00a0:<\/strong><\/p>\n<p style=\"text-align: justify; padding-left: 30px;\">Apr\u00e8s une formation dispens\u00e9e par le SSE et le CAMUS, votre mission consistera \u00e0 aller \u00e0 la rencontre des \u00e9tudiants en prise \u00e0 des difficult\u00e9s (qu\u2019elles soient d\u2019ordre personnel, psychologique, m\u00e9dical, di\u00e9t\u00e9tique, p\u00e9dagogique ou social).<\/p>\n<p style=\"text-align: justify; padding-left: 30px;\">Vous aurez un r\u00f4le d\u2019information et d\u2019orientation\u00a0: en effet, vous pourrez diriger les \u00e9tudiants en difficult\u00e9 vers les lieux d\u2019accueil adapt\u00e9s \u00e0 leur besoin.<\/p>\n<p style=\"text-align: justify; padding-left: 30px;\">Ainsi, vous serez le lien privil\u00e9gi\u00e9 entre les \u00e9tudiants, professionnels de sant\u00e9, \u00e9quipes p\u00e9dagogiques et sociales.<\/p>\n<p style=\"padding-left: 30px;\"><strong><u>Votre profil<\/u> :<\/strong><\/p>\n<ul>\n<li>Etudiant(e) inscrit(e) \u00e0 l&rsquo;Universit\u00e9, \u00e0 l\u2019ENGEES, \u00e0 l&rsquo;ENSAS , \u00e0 l&rsquo;INSA , HEAR, Campus ILLKIRCH<\/li>\n<li>Avoir le sens du contact<\/li>\n<li>Etre motiv\u00e9(e) et dynamique<\/li>\n<\/ul>\n<p style=\"padding-left: 30px;\"><strong><u>Dur\u00e9e du contrat et r\u00e9mun\u00e9ration<\/u><\/strong>\u00a0:<\/p>\n<ul>\n<li>Ann\u00e9e Universitaire<\/li>\n<li>Contrat de 20 heures par mois<\/li>\n<li>SMIC horaire<\/li>\n<\/ul>\n<p style=\"padding-left: 30px;\"><strong><u>Vous souhaitez postuler<\/u>\u00a0:<\/strong><\/p>\n<p style=\"padding-left: 30px;\"><strong>La campagne de recrutement d\u00e9marre au mois de juin et les candidatures peuvent \u00eatre d\u00e9pos\u00e9es jusqu&rsquo;au 13 Juillet.<\/strong><\/p>\n<p>\u00a0\u00a0\u00a0\u00a0\u00a0\u00a0 Les entretiens de recrutement ont lieu au mois de Septembre.<\/p>\n<p style=\"padding-left: 30px;\">Vous postulerez alors par CV et lettre de motivation (PDF) par <strong>mail (objet : RESCUE) e CV et une lettre de motivation par mail \u00e0 :<br \/>etudiants-relais-rescue@unistra.fr<\/strong><\/p>\n<h3>\u00a0<\/h3>\n<h3><span style=\"text-decoration: underline;\"><strong>ERC (\u00c9tudiants Relais Cit\u00e9s<\/strong><strong>) <\/strong><strong>:<\/strong><\/span><\/h3>\n<p>Vos missions seront les m\u00eames que celles du dispositif RESCUE, \u00e0 la grande diff\u00e9rence que vous interviendrez au <strong>sein des r\u00e9sidences universitaires Strasbourgeoises. <\/strong>Vous serez form\u00e9.e.s, supervis\u00e9.e.s et accompagn\u00e9.e.s tout au long de votre contrat.<\/p>\n<p><strong><span style=\"text-decoration: underline;\">Votre profil:<\/span><\/strong><\/p>\n<ul>\n<li>\u00catre r\u00e9sident du CROUS depuis un an minimum<\/li>\n<li>Avoir une bonne connaissance du campus universitaire<\/li>\n<li>Avoir le sens du contact et le go\u00fbt d&rsquo;aider l&rsquo;autre<\/li>\n<li>Parler au moins une langue \u00e9trang\u00e8re<\/li>\n<\/ul>\n<p><strong><span style=\"text-decoration: underline;\">Dur\u00e9e du contrat et r\u00e9mun\u00e9ration<\/span><\/strong>:<\/p>\n<ul>\n<li>De Septembre \u00e0 Juin<\/li>\n<li>Contrat de 20 heures par mois<\/li>\n<li>SMIC horaire<\/li>\n<\/ul>\n<p><strong><u>Vous souhaitez postuler<\/u>\u00a0:<\/strong><\/p>\n<p>Le recrutement d\u00e9but en Juin et jusque mi Ao\u00fbt. Les entretiens d\u00e9buteront fin Ao\u00fbt.<\/p>\n<p><strong>Envoyez votre CV et votre lettre de motivation \u00e0<\/strong> : <a href=\"mailto:secretariat.social@crous-strasbourg.fr\">secretariat.social@crous-strasbourg.fr<\/a> (objet: candidature ERC)<\/p>\n\n\n<p><\/p>\n","protected":false},"excerpt":{"rendered":"<p>Vous souhaitez devenir \u00e9tudiant relais ? Candidatez ! RESCUE (R\u00e9seau Etudiant Sant\u00e9 Campus Universitaire de l\u2019Esplanade) Votre mission\u00a0: Apr\u00e8s une formation dispens\u00e9e par le SSE et le CAMUS, votre mission consistera \u00e0 aller \u00e0 la rencontre des \u00e9tudiants en prise&hellip; <a href=\"http:\/\/www.camus67.fr\/site\/devenir-etudiant-relais\/\" class=\"more-link\">Continuer la lecture <span class=\"meta-nav\">&rarr;<\/span><\/a><\/p>\n","protected":false},"author":1,"featured_media":0,"parent":0,"menu_order":0,"comment_status":"closed","ping_status":"closed","template":"","meta":{"footnotes":""},"class_list":["post-86","page","type-page","status-publish","hentry"],"yoast_head":"<!-- This site is optimized with the Yoast SEO plugin v26.1.1 - https:\/\/yoast.com\/wordpress\/plugins\/seo\/ -->\n<title>Devenir Etudiant Relais - CAMUS 67<\/title>\n<meta name=\"robots\" content=\"index, follow, max-snippet:-1, max-image-preview:large, max-video-preview:-1\" \/>\n<link rel=\"canonical\" href=\"http:\/\/www.camus67.fr\/site\/devenir-etudiant-relais\/\" \/>\n<meta property=\"og:locale\" content=\"fr_FR\" \/>\n<meta property=\"og:type\" content=\"article\" \/>\n<meta property=\"og:title\" content=\"Devenir Etudiant Relais - CAMUS 67\" \/>\n<meta property=\"og:description\" content=\"Vous souhaitez devenir \u00e9tudiant relais ? Candidatez ! RESCUE (R\u00e9seau Etudiant Sant\u00e9 Campus Universitaire de l\u2019Esplanade) Votre mission\u00a0: Apr\u00e8s une formation dispens\u00e9e par le SSE et le CAMUS, votre mission consistera \u00e0 aller \u00e0 la rencontre des \u00e9tudiants en prise&hellip; Continuer la lecture &rarr;\" \/>\n<meta property=\"og:url\" content=\"http:\/\/www.camus67.fr\/site\/devenir-etudiant-relais\/\" \/>\n<meta property=\"og:site_name\" content=\"CAMUS 67\" \/>\n<meta property=\"article:modified_time\" content=\"2026-03-24T15:08:48+00:00\" \/>\n<meta name=\"twitter:card\" content=\"summary_large_image\" \/>\n<meta name=\"twitter:label1\" content=\"Dur\u00e9e de lecture estim\u00e9e\" \/>\n\t<meta name=\"twitter:data1\" content=\"2 minutes\" \/>\n<script type=\"application\/ld+json\" class=\"yoast-schema-graph\">{\"@context\":\"https:\/\/schema.org\",\"@graph\":[{\"@type\":\"WebPage\",\"@id\":\"http:\/\/www.camus67.fr\/site\/devenir-etudiant-relais\/\",\"url\":\"http:\/\/www.camus67.fr\/site\/devenir-etudiant-relais\/\",\"name\":\"Devenir Etudiant Relais - CAMUS 67\",\"isPartOf\":{\"@id\":\"http:\/\/www.camus67.fr\/site\/#website\"},\"datePublished\":\"2016-10-24T17:48:32+00:00\",\"dateModified\":\"2026-03-24T15:08:48+00:00\",\"breadcrumb\":{\"@id\":\"http:\/\/www.camus67.fr\/site\/devenir-etudiant-relais\/#breadcrumb\"},\"inLanguage\":\"fr-FR\",\"potentialAction\":[{\"@type\":\"ReadAction\",\"target\":[\"http:\/\/www.camus67.fr\/site\/devenir-etudiant-relais\/\"]}]},{\"@type\":\"BreadcrumbList\",\"@id\":\"http:\/\/www.camus67.fr\/site\/devenir-etudiant-relais\/#breadcrumb\",\"itemListElement\":[{\"@type\":\"ListItem\",\"position\":1,\"name\":\"Accueil\",\"item\":\"http:\/\/www.camus67.fr\/site\/\"},{\"@type\":\"ListItem\",\"position\":2,\"name\":\"Devenir Etudiant Relais\"}]},{\"@type\":\"WebSite\",\"@id\":\"http:\/\/www.camus67.fr\/site\/#website\",\"url\":\"http:\/\/www.camus67.fr\/site\/\",\"name\":\"CAMUS 67\",\"description\":\"Centre d&#039;Accueil M\u00e9dico-psychologique Universitaire de Strasbourg\",\"potentialAction\":[{\"@type\":\"SearchAction\",\"target\":{\"@type\":\"EntryPoint\",\"urlTemplate\":\"http:\/\/www.camus67.fr\/site\/?s={search_term_string}\"},\"query-input\":{\"@type\":\"PropertyValueSpecification\",\"valueRequired\":true,\"valueName\":\"search_term_string\"}}],\"inLanguage\":\"fr-FR\"}]}<\/script>\n<!-- \/ Yoast SEO plugin. -->","yoast_head_json":{"title":"Devenir Etudiant Relais - CAMUS 67","robots":{"index":"index","follow":"follow","max-snippet":"max-snippet:-1","max-image-preview":"max-image-preview:large","max-video-preview":"max-video-preview:-1"},"canonical":"http:\/\/www.camus67.fr\/site\/devenir-etudiant-relais\/","og_locale":"fr_FR","og_type":"article","og_title":"Devenir Etudiant Relais - CAMUS 67","og_description":"Vous souhaitez devenir \u00e9tudiant relais ? Candidatez ! RESCUE (R\u00e9seau Etudiant Sant\u00e9 Campus Universitaire de l\u2019Esplanade) Votre mission\u00a0: Apr\u00e8s une formation dispens\u00e9e par le SSE et le CAMUS, votre mission consistera \u00e0 aller \u00e0 la rencontre des \u00e9tudiants en prise&hellip; Continuer la lecture &rarr;","og_url":"http:\/\/www.camus67.fr\/site\/devenir-etudiant-relais\/","og_site_name":"CAMUS 67","article_modified_time":"2026-03-24T15:08:48+00:00","twitter_card":"summary_large_image","twitter_misc":{"Dur\u00e9e de lecture estim\u00e9e":"2 minutes"},"schema":{"@context":"https:\/\/schema.org","@graph":[{"@type":"WebPage","@id":"http:\/\/www.camus67.fr\/site\/devenir-etudiant-relais\/","url":"http:\/\/www.camus67.fr\/site\/devenir-etudiant-relais\/","name":"Devenir Etudiant Relais - CAMUS 67","isPartOf":{"@id":"http:\/\/www.camus67.fr\/site\/#website"},"datePublished":"2016-10-24T17:48:32+00:00","dateModified":"2026-03-24T15:08:48+00:00","breadcrumb":{"@id":"http:\/\/www.camus67.fr\/site\/devenir-etudiant-relais\/#breadcrumb"},"inLanguage":"fr-FR","potentialAction":[{"@type":"ReadAction","target":["http:\/\/www.camus67.fr\/site\/devenir-etudiant-relais\/"]}]},{"@type":"BreadcrumbList","@id":"http:\/\/www.camus67.fr\/site\/devenir-etudiant-relais\/#breadcrumb","itemListElement":[{"@type":"ListItem","position":1,"name":"Accueil","item":"http:\/\/www.camus67.fr\/site\/"},{"@type":"ListItem","position":2,"name":"Devenir Etudiant Relais"}]},{"@type":"WebSite","@id":"http:\/\/www.camus67.fr\/site\/#website","url":"http:\/\/www.camus67.fr\/site\/","name":"CAMUS 67","description":"Centre d&#039;Accueil M\u00e9dico-psychologique Universitaire de Strasbourg","potentialAction":[{"@type":"SearchAction","target":{"@type":"EntryPoint","urlTemplate":"http:\/\/www.camus67.fr\/site\/?s={search_term_string}"},"query-input":{"@type":"PropertyValueSpecification","valueRequired":true,"valueName":"search_term_string"}}],"inLanguage":"fr-FR"}]}},"_links":{"self":[{"href":"http:\/\/www.camus67.fr\/site\/wp-json\/wp\/v2\/pages\/86","targetHints":{"allow":["GET"]}}],"collection":[{"href":"http:\/\/www.camus67.fr\/site\/wp-json\/wp\/v2\/pages"}],"about":[{"href":"http:\/\/www.camus67.fr\/site\/wp-json\/wp\/v2\/types\/page"}],"author":[{"embeddable":true,"href":"http:\/\/www.camus67.fr\/site\/wp-json\/wp\/v2\/users\/1"}],"replies":[{"embeddable":true,"href":"http:\/\/www.camus67.fr\/site\/wp-json\/wp\/v2\/comments?post=86"}],"version-history":[{"count":18,"href":"http:\/\/www.camus67.fr\/site\/wp-json\/wp\/v2\/pages\/86\/revisions"}],"predecessor-version":[{"id":727,"href":"http:\/\/www.camus67.fr\/site\/wp-json\/wp\/v2\/pages\/86\/revisions\/727"}],"wp:attachment":[{"href":"http:\/\/www.camus67.fr\/site\/wp-json\/wp\/v2\/media?parent=86"}],"curies":[{"name":"wp","href":"https:\/\/api.w.org\/{rel}","templated":true}]}}