{"id":89,"date":"2016-10-24T19:49:16","date_gmt":"2016-10-24T17:49:16","guid":{"rendered":"http:\/\/www.camus67.fr\/site\/?page_id=89"},"modified":"2024-07-01T13:46:33","modified_gmt":"2024-07-01T11:46:33","slug":"catcar","status":"publish","type":"page","link":"http:\/\/www.camus67.fr\/site\/catcar\/","title":{"rendered":"CATCAR"},"content":{"rendered":"<p><strong>Manger vous angoisse? Manger vous pose probl\u00e8me? Vous y pensez tout le temps ? Votre entourage s&rsquo;inqui\u00e8te ?<\/strong><\/p>\n<p style=\"text-align: center;\">Depuis septembre 2014, le CAMUS assure le dispositif CATCAR pour les \u00e9tudiants connaissant des probl\u00e8mes alimentaires ou des troubles des conduites alimentaires. <strong>Que veut dire CATCAR? CAmus Troubles des Conduites Alimentaires et Restaurant universitaire.<\/strong><\/p>\n<p style=\"text-align: justify;\"><span style=\"text-decoration: underline;\">Dans le cadre de ce projet, il est possible de b\u00e9n\u00e9ficier:<\/span><\/p>\n<ul>\n<li style=\"list-style-type: none;\">\n<ul>\n<li style=\"text-align: justify;\">d&rsquo;un suivi aupr\u00e8s d&rsquo;un psychologue ou d&rsquo;un psychiatre au CAMUS<\/li>\n<\/ul>\n<\/li>\n<\/ul>\n<ul>\n<li style=\"list-style-type: none;\">\n<ul>\n<li style=\"text-align: justify;\">d&rsquo;un bilan somatique aupr\u00e8s d&rsquo;un m\u00e9decin g\u00e9n\u00e9raliste sp\u00e9cialiste en nutrition au SSE (rue de Palerme)<\/li>\n<\/ul>\n<\/li>\n<\/ul>\n<ul>\n<li style=\"list-style-type: none;\">\n<ul>\n<li style=\"text-align: justify;\">d&rsquo;un suivi di\u00e9t\u00e9tique aupr\u00e8s d&rsquo;une di\u00e9t\u00e9ticienne sp\u00e9cialis\u00e9e au CAMUS<\/li>\n<\/ul>\n<\/li>\n<\/ul>\n<ul>\n<li style=\"text-align: justify;\">d&rsquo;un accompagnement th\u00e9rapeutique lors des d\u00e9jeuners, au Restaurant Universitaire de l&rsquo;Esplanade les mercredis et jeudis de 11h45 \u00e0 13h30 par une di\u00e9t\u00e9ticienne .<\/li>\n<\/ul>\n<p><strong>Les consultations et l&rsquo;accompagnement des repas sont gratuits; le prix du repas lui-m\u00eame reste \u00e0 votre charge.<\/strong><\/p>\n<p>Pour en b\u00e9n\u00e9ficier, prenez rendez-vous au secr\u00e9tariat du CAMUS ou prenez librement contact \u00e0 la table CATCAR au Restaurant universitaire de l&rsquo;Esplanade, 32 Boulevard de la Victoire \u00e0 Strasbourg,\u00a0 1er \u00e9tage &#8211; \u00ab\u00a0V\u00e9g\u00e9 \/Bio\u00a0\u00bb.<\/p>\n<p><a href=\"http:\/\/www.camus67.fr\/site\/wp-content\/uploads\/2022\/02\/CATCAR-flyer-2022-.pdf\">Flyer-CATCAR-2022-PDF<\/a><\/p>\n","protected":false},"excerpt":{"rendered":"<p>Manger vous angoisse? Manger vous pose probl\u00e8me? Vous y pensez tout le temps ? Votre entourage s&rsquo;inqui\u00e8te ? Depuis septembre 2014, le CAMUS assure le dispositif CATCAR pour les \u00e9tudiants connaissant des probl\u00e8mes alimentaires ou des troubles des conduites alimentaires.&hellip; <a href=\"http:\/\/www.camus67.fr\/site\/catcar\/\" class=\"more-link\">Continuer la lecture <span class=\"meta-nav\">&rarr;<\/span><\/a><\/p>\n","protected":false},"author":1,"featured_media":0,"parent":0,"menu_order":0,"comment_status":"closed","ping_status":"closed","template":"","meta":{"footnotes":""},"class_list":["post-89","page","type-page","status-publish","hentry"],"yoast_head":"<!-- This site is optimized with the Yoast SEO plugin v26.1.1 - https:\/\/yoast.com\/wordpress\/plugins\/seo\/ -->\n<title>CATCAR - CAMUS 67<\/title>\n<meta name=\"robots\" content=\"index, follow, max-snippet:-1, max-image-preview:large, max-video-preview:-1\" \/>\n<link rel=\"canonical\" href=\"http:\/\/www.camus67.fr\/site\/catcar\/\" \/>\n<meta property=\"og:locale\" content=\"fr_FR\" \/>\n<meta property=\"og:type\" content=\"article\" \/>\n<meta property=\"og:title\" content=\"CATCAR - CAMUS 67\" \/>\n<meta property=\"og:description\" content=\"Manger vous angoisse? Manger vous pose probl\u00e8me? Vous y pensez tout le temps ? Votre entourage s&rsquo;inqui\u00e8te ? Depuis septembre 2014, le CAMUS assure le dispositif CATCAR pour les \u00e9tudiants connaissant des probl\u00e8mes alimentaires ou des troubles des conduites alimentaires.&hellip; Continuer la lecture &rarr;\" \/>\n<meta property=\"og:url\" content=\"http:\/\/www.camus67.fr\/site\/catcar\/\" \/>\n<meta property=\"og:site_name\" content=\"CAMUS 67\" \/>\n<meta property=\"article:modified_time\" content=\"2024-07-01T11:46:33+00:00\" \/>\n<meta name=\"twitter:card\" content=\"summary_large_image\" \/>\n<meta name=\"twitter:label1\" content=\"Dur\u00e9e de lecture estim\u00e9e\" \/>\n\t<meta name=\"twitter:data1\" content=\"1 minute\" \/>\n<script type=\"application\/ld+json\" class=\"yoast-schema-graph\">{\"@context\":\"https:\/\/schema.org\",\"@graph\":[{\"@type\":\"WebPage\",\"@id\":\"http:\/\/www.camus67.fr\/site\/catcar\/\",\"url\":\"http:\/\/www.camus67.fr\/site\/catcar\/\",\"name\":\"CATCAR - CAMUS 67\",\"isPartOf\":{\"@id\":\"http:\/\/www.camus67.fr\/site\/#website\"},\"datePublished\":\"2016-10-24T17:49:16+00:00\",\"dateModified\":\"2024-07-01T11:46:33+00:00\",\"breadcrumb\":{\"@id\":\"http:\/\/www.camus67.fr\/site\/catcar\/#breadcrumb\"},\"inLanguage\":\"fr-FR\",\"potentialAction\":[{\"@type\":\"ReadAction\",\"target\":[\"http:\/\/www.camus67.fr\/site\/catcar\/\"]}]},{\"@type\":\"BreadcrumbList\",\"@id\":\"http:\/\/www.camus67.fr\/site\/catcar\/#breadcrumb\",\"itemListElement\":[{\"@type\":\"ListItem\",\"position\":1,\"name\":\"Accueil\",\"item\":\"http:\/\/www.camus67.fr\/site\/\"},{\"@type\":\"ListItem\",\"position\":2,\"name\":\"CATCAR\"}]},{\"@type\":\"WebSite\",\"@id\":\"http:\/\/www.camus67.fr\/site\/#website\",\"url\":\"http:\/\/www.camus67.fr\/site\/\",\"name\":\"CAMUS 67\",\"description\":\"Centre d&#039;Accueil M\u00e9dico-psychologique Universitaire de Strasbourg\",\"potentialAction\":[{\"@type\":\"SearchAction\",\"target\":{\"@type\":\"EntryPoint\",\"urlTemplate\":\"http:\/\/www.camus67.fr\/site\/?s={search_term_string}\"},\"query-input\":{\"@type\":\"PropertyValueSpecification\",\"valueRequired\":true,\"valueName\":\"search_term_string\"}}],\"inLanguage\":\"fr-FR\"}]}<\/script>\n<!-- \/ Yoast SEO plugin. -->","yoast_head_json":{"title":"CATCAR - CAMUS 67","robots":{"index":"index","follow":"follow","max-snippet":"max-snippet:-1","max-image-preview":"max-image-preview:large","max-video-preview":"max-video-preview:-1"},"canonical":"http:\/\/www.camus67.fr\/site\/catcar\/","og_locale":"fr_FR","og_type":"article","og_title":"CATCAR - CAMUS 67","og_description":"Manger vous angoisse? Manger vous pose probl\u00e8me? Vous y pensez tout le temps ? Votre entourage s&rsquo;inqui\u00e8te ? Depuis septembre 2014, le CAMUS assure le dispositif CATCAR pour les \u00e9tudiants connaissant des probl\u00e8mes alimentaires ou des troubles des conduites alimentaires.&hellip; Continuer la lecture &rarr;","og_url":"http:\/\/www.camus67.fr\/site\/catcar\/","og_site_name":"CAMUS 67","article_modified_time":"2024-07-01T11:46:33+00:00","twitter_card":"summary_large_image","twitter_misc":{"Dur\u00e9e de lecture estim\u00e9e":"1 minute"},"schema":{"@context":"https:\/\/schema.org","@graph":[{"@type":"WebPage","@id":"http:\/\/www.camus67.fr\/site\/catcar\/","url":"http:\/\/www.camus67.fr\/site\/catcar\/","name":"CATCAR - CAMUS 67","isPartOf":{"@id":"http:\/\/www.camus67.fr\/site\/#website"},"datePublished":"2016-10-24T17:49:16+00:00","dateModified":"2024-07-01T11:46:33+00:00","breadcrumb":{"@id":"http:\/\/www.camus67.fr\/site\/catcar\/#breadcrumb"},"inLanguage":"fr-FR","potentialAction":[{"@type":"ReadAction","target":["http:\/\/www.camus67.fr\/site\/catcar\/"]}]},{"@type":"BreadcrumbList","@id":"http:\/\/www.camus67.fr\/site\/catcar\/#breadcrumb","itemListElement":[{"@type":"ListItem","position":1,"name":"Accueil","item":"http:\/\/www.camus67.fr\/site\/"},{"@type":"ListItem","position":2,"name":"CATCAR"}]},{"@type":"WebSite","@id":"http:\/\/www.camus67.fr\/site\/#website","url":"http:\/\/www.camus67.fr\/site\/","name":"CAMUS 67","description":"Centre d&#039;Accueil M\u00e9dico-psychologique Universitaire de Strasbourg","potentialAction":[{"@type":"SearchAction","target":{"@type":"EntryPoint","urlTemplate":"http:\/\/www.camus67.fr\/site\/?s={search_term_string}"},"query-input":{"@type":"PropertyValueSpecification","valueRequired":true,"valueName":"search_term_string"}}],"inLanguage":"fr-FR"}]}},"_links":{"self":[{"href":"http:\/\/www.camus67.fr\/site\/wp-json\/wp\/v2\/pages\/89","targetHints":{"allow":["GET"]}}],"collection":[{"href":"http:\/\/www.camus67.fr\/site\/wp-json\/wp\/v2\/pages"}],"about":[{"href":"http:\/\/www.camus67.fr\/site\/wp-json\/wp\/v2\/types\/page"}],"author":[{"embeddable":true,"href":"http:\/\/www.camus67.fr\/site\/wp-json\/wp\/v2\/users\/1"}],"replies":[{"embeddable":true,"href":"http:\/\/www.camus67.fr\/site\/wp-json\/wp\/v2\/comments?post=89"}],"version-history":[{"count":19,"href":"http:\/\/www.camus67.fr\/site\/wp-json\/wp\/v2\/pages\/89\/revisions"}],"predecessor-version":[{"id":677,"href":"http:\/\/www.camus67.fr\/site\/wp-json\/wp\/v2\/pages\/89\/revisions\/677"}],"wp:attachment":[{"href":"http:\/\/www.camus67.fr\/site\/wp-json\/wp\/v2\/media?parent=89"}],"curies":[{"name":"wp","href":"https:\/\/api.w.org\/{rel}","templated":true}]}}